{"id":2860,"date":"2021-01-18T13:23:20","date_gmt":"2021-01-18T13:23:20","guid":{"rendered":"https:\/\/eftagrup.com.tr\/?page_id=2860"},"modified":"2021-01-18T13:23:40","modified_gmt":"2021-01-18T13:23:40","slug":"gida-guvenligi-politikasi","status":"publish","type":"page","link":"https:\/\/eftagrup.com.tr\/index.php\/gida-guvenligi-politikasi\/","title":{"rendered":"G\u0131da G\u00fcvenli\u011fi Politikas\u0131"},"content":{"rendered":"<p>[vc_row wrap_container=&#8221;yes&#8221; is_section=&#8221;yes&#8221; section_skin=&#8221;parallax&#8221; remove_margin_top=&#8221;yes&#8221; remove_border=&#8221;yes&#8221; el_id=&#8221;whoweare&#8221;][vc_column el_class=&#8221;mb-5 mb-lg-0&#8243;][vc_custom_heading text=&#8221;\u2022\t\u201c\u00c7orbada Bizimde Tuzumuz Olsun\u201d ilkesinden yola \u00e7\u0131karak , g\u0131da g\u00fcvenli\u011fi ve \u00fcretim g\u00fcvenli\u011fi konusunda \u00f6d\u00fcn vermeden insanlara sa\u011fl\u0131kl\u0131  bir \u00fcr\u00fcn olan Kaya Tuzunu, sahip oldu\u011fumuz y\u00fcksek teknoloji ile birlikte insanlar\u0131n kullan\u0131m\u0131na sunar\u0131z.<\/p>\n<p>\u2022\tGerek m\u00fc\u015fteri geri bildirimleri, gerek i\u00e7 kontrol mekanizmalar\u0131m\u0131zla , gerekse kalite hedeflerimiz ile s\u00fcre\u00e7 performanslar\u0131m\u0131z\u0131 izleriz. Kalitemizi daha da y\u00fckseltmek, m\u00fc\u015fteri memnuniyetini  ve g\u0131da g\u00fcvenli\u011fi art\u0131rmak en b\u00fcy\u00fck amac\u0131m\u0131zd\u0131r. Bunu  sa\u011flarken ekonomik ba\u015far\u0131y\u0131 da  yakalamak i\u00e7in de s\u00fcrekli iyile\u015ftirmeler yaparak ba\u015far\u0131ya ula\u015f\u0131r\u0131z.<\/p>\n<p>\u2022\t \u00dcretimimizin her a\u015famas\u0131nda ulusal ve uluslararas\u0131  standartlarla,  birincil ve ikincil yasal mevzuata tam uyum sa\u011flar\u0131z. \u00dcretti\u011fimiz \u00fcr\u00fcn ile ilgili olarak m\u00fc\u015fterilerimize verdi\u011fimiz taahh\u00fctlere uyar, g\u00fcvenli \u00fcretim prensipleri ile g\u0131da g\u00fcvenli\u011fi i\u00e7in gerekli t\u00fcm \u015fartlar\u0131 kar\u015f\u0131lar\u0131z.<\/p>\n<p>\u2022\tG\u0131da g\u00fcvenli\u011fini en \u00fcst seviyede tutmak i\u00e7in g\u0131da g\u00fcvenli\u011fi ile ilgili hedefler belirler ve bu hedefleri d\u00fczenli olarak izleriz.  \u0130zledi\u011fimiz hedefleri her sene revize ederek g\u0131da g\u00fcvenli\u011fimizi daha \u00fcst noktalara \u00e7\u0131karmay\u0131 hedefleriz.<\/p>\n<p>\u2022\t\u0130\u00e7 payda\u015flar\u0131m\u0131z olan \u00e7al\u0131\u015fanlar\u0131m\u0131z\u0131n, gerekse d\u0131\u015f payda\u015flar\u0131m\u0131z olan tedarik\u00e7ilerimizin g\u0131da g\u00fcvenli\u011fi konusunda fark\u0131ndal\u0131klar\u0131n\u0131 art\u0131r\u0131r, sisteme adapte eder ve onlar\u0131n g\u00f6r\u00fc\u015flerini\/\u00f6nerilerini alarak g\u0131da g\u00fcvenli\u011fi konusunda daha iyi olmak i\u00e7in \u00e7al\u0131\u015f\u0131r\u0131z. M\u00fc\u015fterilerimizden gelen dilek\/\u00f6neri ve \u015fikayetleri h\u0131zl\u0131ca de\u011ferlendirir, gerekli iyile\u015ftirmeleri yapar ve m\u00fc\u015fteri memnuniyetimizi  ve g\u0131da g\u00fcvenli\u011fimizi art\u0131rmay\u0131 ama\u00e7lar\u0131z.&#8221; font_container=&#8221;tag:p|font_size:16.8|text_align:left|line_height:1.9&#8243; use_theme_fonts=&#8221;yes&#8221; animation_delay=&#8221;500&#8243; css=&#8221;.vc_custom_1610976218232{margin-bottom: 40px !important;}&#8221; el_class=&#8221;pr-5&#8243;][\/vc_column][\/vc_row]<\/p>\n","protected":false},"excerpt":{"rendered":"<p>[vc_row wrap_container=&#8221;yes&#8221; is_section=&#8221;yes&#8221; section_skin=&#8221;parallax&#8221; remove_margin_top=&#8221;yes&#8221; remove_border=&#8221;yes&#8221; el_id=&#8221;whoweare&#8221;][vc_column el_class=&#8221;mb-5 mb-lg-0&#8243;][vc_custom_heading text=&#8221;\u2022 \u201c\u00c7orbada Bizimde Tuzumuz Olsun\u201d ilkesinden yola \u00e7\u0131karak , g\u0131da g\u00fcvenli\u011fi ve \u00fcretim g\u00fcvenli\u011fi konusunda \u00f6d\u00fcn vermeden insanlara sa\u011fl\u0131kl\u0131 bir \u00fcr\u00fcn olan Kaya Tuzunu, sahip oldu\u011fumuz y\u00fcksek teknoloji ile birlikte insanlar\u0131n kullan\u0131m\u0131na sunar\u0131z. \u2022 Gerek m\u00fc\u015fteri geri bildirimleri, gerek i\u00e7 kontrol mekanizmalar\u0131m\u0131zla , gerekse kalite hedeflerimiz [&hellip;]<\/p>\n","protected":false},"author":1,"featured_media":0,"parent":0,"menu_order":0,"comment_status":"closed","ping_status":"closed","template":"","meta":{"footnotes":""},"class_list":["post-2860","page","type-page","status-publish","hentry"],"aioseo_notices":[],"_links":{"self":[{"href":"https:\/\/eftagrup.com.tr\/index.php\/wp-json\/wp\/v2\/pages\/2860","targetHints":{"allow":["GET"]}}],"collection":[{"href":"https:\/\/eftagrup.com.tr\/index.php\/wp-json\/wp\/v2\/pages"}],"about":[{"href":"https:\/\/eftagrup.com.tr\/index.php\/wp-json\/wp\/v2\/types\/page"}],"author":[{"embeddable":true,"href":"https:\/\/eftagrup.com.tr\/index.php\/wp-json\/wp\/v2\/users\/1"}],"replies":[{"embeddable":true,"href":"https:\/\/eftagrup.com.tr\/index.php\/wp-json\/wp\/v2\/comments?post=2860"}],"version-history":[{"count":3,"href":"https:\/\/eftagrup.com.tr\/index.php\/wp-json\/wp\/v2\/pages\/2860\/revisions"}],"predecessor-version":[{"id":2863,"href":"https:\/\/eftagrup.com.tr\/index.php\/wp-json\/wp\/v2\/pages\/2860\/revisions\/2863"}],"wp:attachment":[{"href":"https:\/\/eftagrup.com.tr\/index.php\/wp-json\/wp\/v2\/media?parent=2860"}],"curies":[{"name":"wp","href":"https:\/\/api.w.org\/{rel}","templated":true}]}}