{"id":2753,"date":"2020-07-09T12:05:14","date_gmt":"2020-07-09T12:05:14","guid":{"rendered":"https:\/\/eftagrup.com.tr\/?page_id=2753"},"modified":"2021-01-18T13:57:34","modified_gmt":"2021-01-18T13:57:34","slug":"insan-sagligi-ve-kalite-belgeleri","status":"publish","type":"page","link":"https:\/\/eftagrup.com.tr\/index.php\/insan-sagligi-ve-kalite-belgeleri\/","title":{"rendered":"\u0130nsan Sa\u011fl\u0131\u011f\u0131  ve Kalite Belgeleri"},"content":{"rendered":"<p>[vc_row wrap_container=&#8221;yes&#8221; is_section=&#8221;yes&#8221; section_skin=&#8221;parallax&#8221; remove_margin_top=&#8221;yes&#8221;][vc_column][vc_column_text]<strong><em>EFTA Tuz<\/em><\/strong>\u2019un Tekirda\u011f-\u00c7orlu-Veli Me\u015fe Organize Sanayi B\u00f6lgesi M\u00fcd\u00fcrl\u00fc\u011f\u00fc taraf\u0131ndan, \u00e7evre ve toplum sa\u011fl\u0131\u011f\u0131 a\u00e7\u0131s\u0131ndan bir sak\u0131ncas\u0131 olmad\u0131\u011f\u0131na dair belgelendirilmi\u015ftir.<\/p>\n<p><a href=\"https:\/\/eftagrup.com.tr\/wp-content\/uploads\/2020\/07\/BELGE-7-Tekirdag\u0306-C\u0327orlu-Velimes\u0327e-EFTA-Tuz-Birinci-S\u0131n\u0131f-Gayris\u0131hhi-Mu\u0308esseselere-ait-I\u0307s\u0327-yeri-C\u0327al\u0131s\u0327ma-Ruhsat\u0131.jpg\"><strong>Tekirda\u011f-\u00c7orlu- Velime\u015fe EFTA Tuz Birinci S\u0131n\u0131f Gayris\u0131hhi M\u00fcesseselere ait \u0130\u015f yeri \u00c7al\u0131\u015fma Ruhsat\u0131<\/strong><\/a><\/p>\n<p>T\u00fcm g\u0131da ve hayvanc\u0131l\u0131k sekt\u00f6r\u00fcnde kullan\u0131lacak \u00fcr\u00fcn \u00e7e\u015fitlerinin g\u0131da g\u00fcvenli\u011fi, TC. Tar\u0131m ve Orman Bakanl\u0131\u011f\u0131 G\u0131da ve Kontrol Genel M\u00fcd\u00fcrl\u00fc\u011f\u00fc mevzuat\u0131na uygun olarak belgelendirilmi\u015ftir.<\/p>\n<p><a href=\"https:\/\/eftagrup.com.tr\/wp-content\/uploads\/2020\/07\/BELGE-8-Tekirdag\u0306-C\u0327orlu-I\u0307l-Tar\u0131m-ve-Orman-Mu\u0308du\u0308rlu\u0308g\u0306u\u0308-EFTA-Tuz-I\u0307s\u0327letme-Kay\u0131t-Belgesi.pdf\"><strong>Tekirda\u011f-\u00c7orlu \u0130l Tar\u0131m ve Orman M\u00fcd\u00fcrl\u00fc\u011f\u00fc EFTA Tuz \u0130\u015fletme Kay\u0131t Belgesi<\/strong><\/a><strong>\u00a0<\/strong><\/p>\n<p><strong>EFTA Tuz <\/strong>Tekirda\u011f-\u00c7orlu-Veli Me\u015fe Organize Sanayi bulunan tesislerinde \u00fcretim alan\u0131 toplam kalite belgesi al\u0131nm\u0131\u015ft\u0131r.<\/p>\n<p><strong><a href=\"https:\/\/eftagrup.com.tr\/wp-content\/uploads\/2021\/01\/ISO-9001.2015.pdf\">ISO 9001 toplam Kalite Y\u00f6netimi<\/a><\/strong><\/p>\n<p><strong>EFTA Tuz <\/strong>Tekirda\u011f-\u00c7orlu-Veli Me\u015fe Organize Sanayi bulunan \u00fcretim tesislerinde g\u0131da g\u00fcvenli\u011fi\u00a0 kalite belgeleri al\u0131nm\u0131\u015ft\u0131r.<\/p>\n<p><strong>BELGE-10 ISO 22000 G\u0131da G\u00fcvenli\u011fi<\/strong><\/p>\n<p>T\u00dcB\u0130TAK laboratuvarlar\u0131nda, kristal kaya tuzunun element ve mineral yap\u0131s\u0131 incelenmi\u015f olup T\u00fcrk\u00e7e \u0130ngilizce raporu haz\u0131rlanm\u0131\u015ft\u0131r.<\/p>\n<p><a href=\"https:\/\/eftagrup.com.tr\/wp-content\/uploads\/2020\/07\/BELGE-11.1-TU\u0308BI\u0307TAK-MAM-EFTA-Kaya-Tuzu-Mineral-ve-Element-Analizi.pdf\"><strong>\u00a0T\u00dcB\u0130TAK-MAM\u00a0\u00a0 EFTA Kaya Tuzu Mineral ve Element Analizi (11.1-T\u00fcrk\u00e7e, 11.2. \u0130ngilizce)<\/strong><\/a><\/p>\n<p><a href=\"https:\/\/eftagrup.com.tr\/wp-content\/uploads\/2020\/07\/BELGE-11.2-TU\u0308BI\u0307TAK-MAM-EFTA-Kaya-Tuzu-Mineral-ve-Element-Analizi-I\u0307ngilizce.pdf\"><strong>\u00a0T\u00dcB\u0130TAK-MAM\u00a0\u00a0 EFTA Kaya Tuzu Mineral ve Element Analizi (11.2. \u0130ngilizce)<\/strong><\/a><\/p>\n<p>T\u00dcRKAK taraf\u0131ndan uluslararas\u0131 akreditasyonu belgesi olan\u00a0 DENGE Laboratuvar\u0131nda, sofralarda yer alan son \u00fcr\u00fcn kaya tuzunun 84 mineral ve element yap\u0131s\u0131 ve sodyum klor\u00fcr oran\u0131 \u00a0incelenmi\u015ftir.<\/p>\n<p><strong>BELGE-12 DENGE\u00a0 Laboratuvar\u0131 \u00a0EFTA Kaya Tuzu Mineral ve Element Analizi<\/strong><\/p>\n<p>Uluslararas\u0131 akredite Hacettepe \u00dcniversitesi- HUN\u0130KAL laboratuvar\u0131 ve Eczac\u0131l\u0131k Fak\u00fcltesi Toksikoloji Ana bilim dal\u0131 taraf\u0131ndan, EFTA taraf\u0131ndan Delice\u2019den \u00e7\u0131kar\u0131lan ve hi\u00e7bir kimyasal i\u015fleme tabi tutmadan do\u011fal yolla elde edilen \u201ckaya tuzu ve i\u00e7inde eser miktarda gri rengini veren kilin\u201d T\u00fcrkiye ve Avrupa g\u0131da g\u00fcvenli\u011fi uygunlu\u011fu incelenmi\u015f ve g\u0131da olarak t\u00fcketimi onaylanm\u0131\u015ft\u0131r.<\/p>\n<p><strong>BELGE-13 Hacettepe \u00dcniversitesi Eczac\u0131l\u0131k Fak\u00fcltesi-HUN\u0130KAL Labaratuvar\u0131 Uluslararas\u0131 G\u0131da Uygunluk Belgesi<\/strong><\/p>\n<p>Uluslararas\u0131 akredite Hacettepe \u00dcniversitesi- HUN\u0130KAL laboratuvar\u0131 ve Eczac\u0131l\u0131k Fak\u00fcltesi Toksikoloji Ana bilim dal\u0131 taraf\u0131ndan, EFTA taraf\u0131ndan Delice\u2019den \u00e7\u0131kar\u0131lan ve hi\u00e7bir kimyasal i\u015fleme tabi tutmadan do\u011fal yolla elde edilen \u201ckaya tuzu ve i\u00e7inde eser miktarda gri rengini veren kilin\u201d T\u00fcrkiye ve Avrupa besicilik ve hayvan sa\u011fl\u0131\u011f\u0131na uygun g\u0131da \u00fcretilmesi i\u00e7in incelenmi\u015f ve g\u0131da olarak t\u00fcketimi onaylanm\u0131\u015ft\u0131r.<\/p>\n<p><strong>BELGE-14 Hacettepe \u00dcniversitesi Eczac\u0131l\u0131k Fak\u00fcltesi-HUN\u0130KAL Labaratuvar\u0131 Uluslararas\u0131 Besicilik Uygunluk Belgesi<\/strong><strong>\u00a0<\/strong><\/p>\n<p>\u0130spanya-ARGETEST Laboratuvar\u0131nda, kaya tuzu elde edilirken do\u011fal olarak i\u00e7inde bulunan kil (bentonit) hi\u00e7bir kimyasal i\u015fleme tutulmadan elde edilmektedir. Elde edilen kilin i\u00e7eri\u011finin ara\u015ft\u0131rmas\u0131 yap\u0131lm\u0131\u015ft\u0131r.<\/p>\n<p><a href=\"https:\/\/eftagrup.com.tr\/wp-content\/uploads\/2020\/07\/BELGE-15-ARGETEST-Labaratuvar\u0131-EFTA-Tuz-Kil-Analiz-Raporu.jpg\"><strong>ARGETEST Laboratuvar\u0131 EFTA Tuz-Kil Analiz Raporu<\/strong><\/a><\/p>\n<p>Y\u0131ld\u0131z Teknik \u00dcniversitesi FEF- Kimya b\u00f6l\u00fcm\u00fc EFTA Kaya tuzunun karla m\u00fccadele i\u00e7in kullan\u0131m\u0131na uygunluk incelemi\u015ftir<strong>. <\/strong><\/p>\n<p><a href=\"https:\/\/eftagrup.com.tr\/wp-content\/uploads\/2020\/07\/BELGE-16-Y\u0131ld\u0131z-Teknik-U\u0308niversitesi-EFTA-Karla-Mu\u0308cadele-Yol-Tuzu-Analiz-Raporu.pdf\"><strong>Y\u0131ld\u0131z Teknik \u00dcniversitesi EFTA Karla M\u00fccadele Yol Tuzu Analiz Raporu<\/strong><\/a><\/p>\n<p>&nbsp;<\/p>\n<p><strong>S\u0130MGELER<\/strong><\/p>\n<ul>\n<li>Optik se\u00e7im<\/li>\n<li>Do\u011fal \u00fcretim<\/li>\n<li>Organik<\/li>\n<li>Mineral salt<\/li>\n<li>Helal<\/li>\n<li>Kosher<\/li>\n<li>Dogal iyor i\u00e7ermektedir.<\/li>\n<li>Do\u011fal flor\u00fcr i\u00e7ermektedir.<\/li>\n<\/ul>\n<p>[\/vc_column_text][\/vc_column][\/vc_row]<\/p>\n","protected":false},"excerpt":{"rendered":"<p>[vc_row wrap_container=&#8221;yes&#8221; is_section=&#8221;yes&#8221; section_skin=&#8221;parallax&#8221; remove_margin_top=&#8221;yes&#8221;][vc_column][vc_column_text]EFTA Tuz\u2019un Tekirda\u011f-\u00c7orlu-Veli Me\u015fe Organize Sanayi B\u00f6lgesi M\u00fcd\u00fcrl\u00fc\u011f\u00fc taraf\u0131ndan, \u00e7evre ve toplum sa\u011fl\u0131\u011f\u0131 a\u00e7\u0131s\u0131ndan bir sak\u0131ncas\u0131 olmad\u0131\u011f\u0131na dair belgelendirilmi\u015ftir. Tekirda\u011f-\u00c7orlu- Velime\u015fe EFTA Tuz Birinci S\u0131n\u0131f Gayris\u0131hhi M\u00fcesseselere ait \u0130\u015f yeri \u00c7al\u0131\u015fma Ruhsat\u0131 T\u00fcm g\u0131da ve hayvanc\u0131l\u0131k sekt\u00f6r\u00fcnde kullan\u0131lacak \u00fcr\u00fcn \u00e7e\u015fitlerinin g\u0131da g\u00fcvenli\u011fi, TC. Tar\u0131m ve Orman Bakanl\u0131\u011f\u0131 G\u0131da ve Kontrol Genel [&hellip;]<\/p>\n","protected":false},"author":1,"featured_media":0,"parent":0,"menu_order":0,"comment_status":"closed","ping_status":"closed","template":"","meta":{"footnotes":""},"class_list":["post-2753","page","type-page","status-publish","hentry"],"aioseo_notices":[],"_links":{"self":[{"href":"https:\/\/eftagrup.com.tr\/index.php\/wp-json\/wp\/v2\/pages\/2753","targetHints":{"allow":["GET"]}}],"collection":[{"href":"https:\/\/eftagrup.com.tr\/index.php\/wp-json\/wp\/v2\/pages"}],"about":[{"href":"https:\/\/eftagrup.com.tr\/index.php\/wp-json\/wp\/v2\/types\/page"}],"author":[{"embeddable":true,"href":"https:\/\/eftagrup.com.tr\/index.php\/wp-json\/wp\/v2\/users\/1"}],"replies":[{"embeddable":true,"href":"https:\/\/eftagrup.com.tr\/index.php\/wp-json\/wp\/v2\/comments?post=2753"}],"version-history":[{"count":5,"href":"https:\/\/eftagrup.com.tr\/index.php\/wp-json\/wp\/v2\/pages\/2753\/revisions"}],"predecessor-version":[{"id":2867,"href":"https:\/\/eftagrup.com.tr\/index.php\/wp-json\/wp\/v2\/pages\/2753\/revisions\/2867"}],"wp:attachment":[{"href":"https:\/\/eftagrup.com.tr\/index.php\/wp-json\/wp\/v2\/media?parent=2753"}],"curies":[{"name":"wp","href":"https:\/\/api.w.org\/{rel}","templated":true}]}}