{"id":2748,"date":"2020-07-09T11:58:14","date_gmt":"2020-07-09T11:58:14","guid":{"rendered":"https:\/\/eftagrup.com.tr\/?page_id=2748"},"modified":"2020-07-10T12:33:58","modified_gmt":"2020-07-10T12:33:58","slug":"efta-tuz","status":"publish","type":"page","link":"https:\/\/eftagrup.com.tr\/index.php\/efta-tuz\/","title":{"rendered":"EFTA Tuz"},"content":{"rendered":"<p>[vc_row wrap_container=&#8221;yes&#8221; is_section=&#8221;yes&#8221; section_skin=&#8221;parallax&#8221; remove_margin_top=&#8221;yes&#8221; remove_border=&#8221;yes&#8221;][vc_column el_class=&#8221;mb-5 mb-lg-0&#8243;][vc_custom_heading text=&#8221;EFTA Grup i\u015ftiraki EFTA Tuz do\u011fal kristal yap\u0131l\u0131 kaya tuzunu hi\u00e7bir kimyasal i\u015fleme tabi tutmadan, T\u00fcrkiye\u2019de ilk kez uygulanan k\u0131rma-y\u0131kama-kurutma ve se\u00e7me y\u00f6ntem ile \u00fcretmektedir. K\u0131r\u0131kkale-Delice\u2019deki tuz oca\u011f\u0131ndan \u00e7evre ve insan sa\u011fl\u0131\u011f\u0131na uygun patlatma materyalleri kullanarak tuzu \u00e7\u0131kar\u0131lmakta, tuz k\u00fctleleri burada k\u0131r\u0131lmakta elenmekte ve optik okuyucular ile se\u00e7ilmektedir.&#8221; font_container=&#8221;tag:p|font_size:16.8|text_align:justify|line_height:1.9&#8243; use_theme_fonts=&#8221;yes&#8221; animation_delay=&#8221;500&#8243; css=&#8221;.vc_custom_1594384390977{margin-bottom: 40px !important;}&#8221; el_class=&#8221;pr-5&#8243;][vc_column_text]EFEGE Ta\u015f\u0131mac\u0131l\u0131k ile \u00f6zenle ve kalite ilkelerine uygun olarak \u00c7orlu-Velime\u015fe Organize sanayinde bulunana EFTA Tuz Fabrikas\u0131na ta\u015f\u0131nmaktad\u0131r.<\/p>\n<p>EFTA Tuz tesisindeki s\u0131v\u0131 tuz ve g\u0131da tuzu \u00fcretim birimlerinde tuzlar i\u015flenmektedir.<\/p>\n<p>Tekstil Sanayine kullan\u0131lan s\u0131v\u0131 kaya tuzu, tesisde tanklarda eritilip, kilin \u00e7\u00f6kmesi i\u00e7in silolara al\u0131nmaktad\u0131r. Elde edilen tuzlu su \u00e7\u00f6zeltisi tekstil boyamas\u0131nda kullan\u0131lmak \u00fczere tankerler ile sayg\u0131n tekstil fabrikalar\u0131n\u0131n hizmetine sunulmaktad\u0131r.<\/p>\n<p>G\u0131da tuzu \u00fcretmek i\u00e7in ise k\u0131r\u0131lm\u0131\u015f ve bir kez optik okuyucuda se\u00e7ilmi\u015f kaya tuzlar\u0131 bir tak\u0131m i\u015flemlere tabi tutulmaktad\u0131r. \u0130lk olarak k\u0131r\u0131lm\u0131\u015f-se\u00e7ilmi\u015f par\u00e7ac\u0131klar yine ayn\u0131 kaya tuzundan elde edilmi\u015f doymu\u015f \u00e7\u00f6zelti ile kazanlarda y\u0131kanmaktad\u0131r. Y\u0131kanm\u0131\u015f olarak elde edilen \u00fcr\u00fcn kurutulmakta ve optik okuyuculara g\u00f6nderilmektedir. Buralarda optik okuyucularla birden fazla se\u00e7ime tabi tutularak son \u00fcr\u00fcn band\u0131nda \u201cdo\u011fal kristal kaya tuzu\u201d elde edilmektedir.<\/p>\n<p>EFTA Trade ile prensip anla\u015fmas\u0131 yapm\u0131\u015f olup, piyasada bulunan patentli markalar\u0131na, kalite belgeli do\u011fal kristal kaya tuzunu tedarik etmektedir.<\/p>\n<p>EFTA Tuz kaliteli do\u011fal kristal kaya tuzu t\u00fcketiminin insan sa\u011fl\u0131\u011f\u0131na olan katk\u0131s\u0131 nedeniyle T\u00fcrkiye\u2019de ve d\u00fcnyada eri\u015filebilirli\u011fini art\u0131rmak i\u00e7in i\u015fbirliklerine haz\u0131r olarak \u00fcretimine devam etmektedir.[\/vc_column_text][vc_custom_heading text=&#8221;EFTA TUZ KAL\u0130TE POL\u0130T\u0130KASI&#8221; font_container=&#8221;tag:h4|font_size:16.8|text_align:justify|line_height:1.9&#8243; use_theme_fonts=&#8221;yes&#8221; animation_delay=&#8221;500&#8243; css=&#8221;.vc_custom_1594384338596{margin-bottom: 40px !important;}&#8221; el_class=&#8221;pr-5&#8243;][vc_column_text]<\/p>\n<ul>\n<li>Kaya Tuzu \u00fcretiminde son teknolojileri kullanarak ve kaliteden \u00f6d\u00fcn vermeden sekt\u00f6rde yeniliklerin ve kalitenin \u00f6nc\u00fcs\u00fc olmak \u00e7al\u0131\u015f\u0131r\u0131z<\/li>\n<li>Ulusal ve uluslararas\u0131 standartlarla, birincil ve ikincil yasal mevzuata tam uyum sa\u011flayarak faaliyetlerimize devam ederiz.<\/li>\n<li>M\u00fc\u015fteri odakl\u0131l\u0131k felsefesi ile m\u00fc\u015fterilerimizin talep ve beklentilerini ara\u015ft\u0131r\u0131r, bu beklentileri kar\u015f\u0131layacak ve memnuniyetini art\u0131racak kalitede kaya tuzu \u00fcretimi yapar\u0131z.<\/li>\n<li>M\u00fc\u015fteri ve tedarik\u00e7ilerimizle kar\u015f\u0131l\u0131kl\u0131 g\u00fcvene ve i\u015fbirli\u011fine dayanan bir anlay\u0131\u015fla t\u00fcm payda\u015flar\u0131m\u0131z\u0131n beklentilerini kesintisiz ve s\u00fcrekli olarak en \u00fcst kalitede kar\u015f\u0131lamay\u0131 hedefleriz.<\/li>\n<li>M\u00fc\u015fteri memnuniyetini, g\u0131da g\u00fcvenli\u011fi ve \u00fcretim kalitesini \u00f6n planda tutan bir anlay\u0131\u015fla s\u00fcre\u00e7lerimizi olu\u015ftururuz. Olu\u015fturdu\u011fumuz s\u00fcre\u00e7lerin ba\u015far\u0131lar\u0131n\u0131 olu\u015fturdu\u011fumuz kalite hedefleri ile \u00f6l\u00e7eriz.<\/li>\n<li>Gerek m\u00fc\u015fteri geri bildirimleri, gerek i\u00e7 kontrol mekanizmalar\u0131m\u0131zla , gerekse kalite hedeflerimiz ile s\u00fcre\u00e7 performanslar\u0131m\u0131z\u0131 izleriz. Kalitemizi daha da y\u00fckseltmek, m\u00fc\u015fteri memnuniyetini ve g\u0131da g\u00fcvenli\u011fi art\u0131rmak en b\u00fcy\u00fck amac\u0131m\u0131zd\u0131r. Bunu sa\u011flarken ekonomik ba\u015far\u0131y\u0131 da\u00a0 yakalamak i\u00e7in de s\u00fcrekli iyile\u015ftirmeler yaparak ba\u015far\u0131ya ula\u015f\u0131r\u0131z.<\/li>\n<\/ul>\n<p>[\/vc_column_text][\/vc_column][\/vc_row]<\/p>\n","protected":false},"excerpt":{"rendered":"<p>[vc_row wrap_container=&#8221;yes&#8221; is_section=&#8221;yes&#8221; section_skin=&#8221;parallax&#8221; remove_margin_top=&#8221;yes&#8221; remove_border=&#8221;yes&#8221;][vc_column el_class=&#8221;mb-5 mb-lg-0&#8243;][vc_custom_heading text=&#8221;EFTA Grup i\u015ftiraki EFTA Tuz do\u011fal kristal yap\u0131l\u0131 kaya tuzunu hi\u00e7bir kimyasal i\u015fleme tabi tutmadan, T\u00fcrkiye\u2019de ilk kez uygulanan k\u0131rma-y\u0131kama-kurutma ve se\u00e7me y\u00f6ntem ile \u00fcretmektedir. K\u0131r\u0131kkale-Delice\u2019deki tuz oca\u011f\u0131ndan \u00e7evre ve insan sa\u011fl\u0131\u011f\u0131na uygun patlatma materyalleri kullanarak tuzu \u00e7\u0131kar\u0131lmakta, tuz k\u00fctleleri burada k\u0131r\u0131lmakta elenmekte ve optik okuyucular ile [&hellip;]<\/p>\n","protected":false},"author":1,"featured_media":0,"parent":0,"menu_order":0,"comment_status":"closed","ping_status":"closed","template":"","meta":{"footnotes":""},"class_list":["post-2748","page","type-page","status-publish","hentry"],"aioseo_notices":[],"_links":{"self":[{"href":"https:\/\/eftagrup.com.tr\/index.php\/wp-json\/wp\/v2\/pages\/2748","targetHints":{"allow":["GET"]}}],"collection":[{"href":"https:\/\/eftagrup.com.tr\/index.php\/wp-json\/wp\/v2\/pages"}],"about":[{"href":"https:\/\/eftagrup.com.tr\/index.php\/wp-json\/wp\/v2\/types\/page"}],"author":[{"embeddable":true,"href":"https:\/\/eftagrup.com.tr\/index.php\/wp-json\/wp\/v2\/users\/1"}],"replies":[{"embeddable":true,"href":"https:\/\/eftagrup.com.tr\/index.php\/wp-json\/wp\/v2\/comments?post=2748"}],"version-history":[{"count":5,"href":"https:\/\/eftagrup.com.tr\/index.php\/wp-json\/wp\/v2\/pages\/2748\/revisions"}],"predecessor-version":[{"id":2789,"href":"https:\/\/eftagrup.com.tr\/index.php\/wp-json\/wp\/v2\/pages\/2748\/revisions\/2789"}],"wp:attachment":[{"href":"https:\/\/eftagrup.com.tr\/index.php\/wp-json\/wp\/v2\/media?parent=2748"}],"curies":[{"name":"wp","href":"https:\/\/api.w.org\/{rel}","templated":true}]}}