{"id":2675,"date":"2020-05-21T23:56:38","date_gmt":"2020-05-21T23:56:38","guid":{"rendered":"http:\/\/eftagrup.com.tr\/?page_id=2675"},"modified":"2020-07-09T12:08:46","modified_gmt":"2020-07-09T12:08:46","slug":"toplumsal-sorumluluk","status":"publish","type":"page","link":"https:\/\/eftagrup.com.tr\/index.php\/toplumsal-sorumluluk\/","title":{"rendered":"Toplumsal Sorumluluk"},"content":{"rendered":"<div class=\"wpb-content-wrapper\"><p>[vc_row wrap_container=&#8221;yes&#8221; is_section=&#8221;yes&#8221; section_skin=&#8221;parallax&#8221; remove_margin_top=&#8221;yes&#8221; el_id=&#8221;whoweare&#8221;][vc_column el_class=&#8221;mb-5 mb-lg-0&#8243;][vc_custom_heading text=&#8221;Gelece\u011fimizi emanet etti\u011fimiz, bilgi toplumu olmaya \u00f6nc\u00fcl\u00fck eden gen\u00e7lerimize f\u0131rsat e\u015fitli\u011fi sunmak g\u00f6revimiz\u2026 Toplumun yarat\u0131c\u0131l\u0131\u011f\u0131na \u00f6nemli katk\u0131 sunan sanat ve sanat\u00e7\u0131 ya de\u011fer vermek bizim i\u00e7in vazge\u00e7ilmez\u2026&#8221; font_container=&#8221;tag:p|font_size:16.8|text_align:left|line_height:1.9&#8243; use_theme_fonts=&#8221;yes&#8221; animation_delay=&#8221;500&#8243; css=&#8221;.vc_custom_1594296525740{margin-bottom: 40px !important;}&#8221; el_class=&#8221;pr-5&#8243;][\/vc_column][\/vc_row]<\/p>\n<\/div>","protected":false},"excerpt":{"rendered":"<p>[vc_row wrap_container=&#8221;yes&#8221; is_section=&#8221;yes&#8221; section_skin=&#8221;parallax&#8221; remove_margin_top=&#8221;yes&#8221; el_id=&#8221;whoweare&#8221;][vc_column el_class=&#8221;mb-5 mb-lg-0&#8243;][vc_custom_heading text=&#8221;Gelece\u011fimizi emanet etti\u011fimiz, bilgi toplumu olmaya \u00f6nc\u00fcl\u00fck eden gen\u00e7lerimize f\u0131rsat e\u015fitli\u011fi sunmak g\u00f6revimiz\u2026 Toplumun yarat\u0131c\u0131l\u0131\u011f\u0131na \u00f6nemli katk\u0131 sunan sanat ve sanat\u00e7\u0131 ya de\u011fer vermek bizim i\u00e7in vazge\u00e7ilmez\u2026&#8221; font_container=&#8221;tag:p|font_size:16.8|text_align:left|line_height:1.9&#8243; use_theme_fonts=&#8221;yes&#8221; animation_delay=&#8221;500&#8243; css=&#8221;.vc_custom_1594296525740{margin-bottom: 40px !important;}&#8221; el_class=&#8221;pr-5&#8243;][\/vc_column][\/vc_row]<\/p>\n","protected":false},"author":1,"featured_media":0,"parent":0,"menu_order":0,"comment_status":"closed","ping_status":"closed","template":"","meta":{"_acf_changed":false,"footnotes":""},"class_list":["post-2675","page","type-page","status-publish","hentry"],"acf":[],"aioseo_notices":[],"_links":{"self":[{"href":"https:\/\/eftagrup.com.tr\/index.php\/wp-json\/wp\/v2\/pages\/2675","targetHints":{"allow":["GET"]}}],"collection":[{"href":"https:\/\/eftagrup.com.tr\/index.php\/wp-json\/wp\/v2\/pages"}],"about":[{"href":"https:\/\/eftagrup.com.tr\/index.php\/wp-json\/wp\/v2\/types\/page"}],"author":[{"embeddable":true,"href":"https:\/\/eftagrup.com.tr\/index.php\/wp-json\/wp\/v2\/users\/1"}],"replies":[{"embeddable":true,"href":"https:\/\/eftagrup.com.tr\/index.php\/wp-json\/wp\/v2\/comments?post=2675"}],"version-history":[{"count":5,"href":"https:\/\/eftagrup.com.tr\/index.php\/wp-json\/wp\/v2\/pages\/2675\/revisions"}],"predecessor-version":[{"id":2770,"href":"https:\/\/eftagrup.com.tr\/index.php\/wp-json\/wp\/v2\/pages\/2675\/revisions\/2770"}],"wp:attachment":[{"href":"https:\/\/eftagrup.com.tr\/index.php\/wp-json\/wp\/v2\/media?parent=2675"}],"curies":[{"name":"wp","href":"https:\/\/api.w.org\/{rel}","templated":true}]}}