{"id":2672,"date":"2020-05-21T23:55:40","date_gmt":"2020-05-21T23:55:40","guid":{"rendered":"http:\/\/eftagrup.com.tr\/?page_id=2672"},"modified":"2020-09-11T09:22:16","modified_gmt":"2020-09-11T09:22:16","slug":"cevre-sagligi","status":"publish","type":"page","link":"https:\/\/eftagrup.com.tr\/index.php\/cevre-sagligi\/","title":{"rendered":"\u00c7evre Politikas\u0131"},"content":{"rendered":"<p>[vc_row wrap_container=&#8221;yes&#8221; is_section=&#8221;yes&#8221; section_skin=&#8221;parallax&#8221; remove_margin_top=&#8221;yes&#8221; remove_border=&#8221;yes&#8221; el_id=&#8221;whoweare&#8221;][vc_column el_class=&#8221;mb-5 mb-lg-0&#8243;][vc_custom_heading text=&#8221;- Kaya Tuzu \u00fcretiminde son teknolojileri kullanarak ve kaliteden \u00f6d\u00fcn vermeden hizmet veririz. Bu kapsamda  \u00e7evre boyutu etkilerimizi  analiz ederek, olu\u015fabilecek zararl\u0131 etkileri en aza indirir, \u00e7evreye sayg\u0131l\u0131 bir kurulu\u015f olarak hizmet veririz.&#8221; font_container=&#8221;tag:p|font_size:16%2C9|text_align:left|line_height:1%2C9&#8243; use_theme_fonts=&#8221;yes&#8221; css=&#8221;.vc_custom_1599816052045{margin-bottom: 20px !important;}&#8221;][vc_custom_heading text=&#8221;- Faaliyetimiz esnas\u0131nda do\u011fal kaynaklar\u0131  ve enerjiyi en verimli bi\u00e7imde kullan\u0131r\u0131z.&#8221; font_container=&#8221;tag:p|font_size:16%2C9|text_align:left|line_height:1%2C9&#8243; use_theme_fonts=&#8221;yes&#8221; css=&#8221;.vc_custom_1599816069110{margin-bottom: 20px !important;}&#8221;][vc_custom_heading text=&#8221;- Ulusal ve uluslararas\u0131  standartlarla,  birincil ve ikincil yasal mevzuata tam uyum sa\u011flayarak faaliyetlerimize devam ederiz.&#8221; font_container=&#8221;tag:p|font_size:16%2C9|text_align:left|line_height:1%2C9&#8243; use_theme_fonts=&#8221;yes&#8221; css=&#8221;.vc_custom_1599816080637{margin-bottom: 20px !important;}&#8221;][vc_custom_heading text=&#8221;- Faaliyetimiz sonucu olu\u015fan at\u0131\u011f\u0131 kayna\u011f\u0131nda minimize eder, \u00e7\u0131kan tehlikeli  ve ambalaj at\u0131klar\u0131n\u0131  yetkilendirilmi\u015f firmalara vererek, \u00e7evreye sayg\u0131l\u0131 bir kurulu\u015f olmay\u0131 hedefleriz.&#8221; font_container=&#8221;tag:p|font_size:16%2C9|text_align:left|line_height:1%2C9&#8243; use_theme_fonts=&#8221;yes&#8221; css=&#8221;.vc_custom_1599816090811{margin-bottom: 20px !important;}&#8221;][vc_custom_heading text=&#8221;- S\u00fcre\u00e7lerimizi hedeflerle izler, geli\u015ftirilmesi gereken alanlar\u0131m\u0131z\u0131 tespit ederiz. Gerek \u00e7al\u0131\u015fanlar\u0131m\u0131zdan, gerekse tedarik\u00e7ilerimiz ve ileti\u015fim i\u00e7inde oldu\u011fumuz di\u011fer payda\u015flardan gelen \u00f6neri, talep ve \u015fikayetleri de\u011ferlendirir , \u00e7evre y\u00f6netim sistemimizin s\u00fcrekli iyile\u015ftirilmesi i\u00e7in gerekli d\u00fczenlemeleri yapar\u0131z.&#8221; font_container=&#8221;tag:p|font_size:16%2C9|text_align:left|line_height:1%2C9&#8243; use_theme_fonts=&#8221;yes&#8221; css=&#8221;.vc_custom_1599816114874{margin-bottom: 40px !important;}&#8221;][vc_custom_heading text=&#8221;\u00c7EVRE SA\u011eLI\u011eI&#8221; use_theme_fonts=&#8221;yes&#8221;][vc_column_text]EFTA Grup i\u015ftirakleri olan K\u0131r\u0131kkale-Delice\u2019deki EFTA Maden ve \u00c7orlu\u2019daki EFTA Tuz tesislerinin \u00c7ED raporlar\u0131 al\u0131nm\u0131\u015ft\u0131r.<br \/>\n<strong>BELGE-17 EFTA Tuz Maden Yer Alt\u0131 Ocaklar\u0131 K\u0131r\u0131kkale \u00c7ED Raporu<\/strong><\/p>\n<p>EFTA Tuz tesislerinde at\u0131k olarak do\u011fal kil ortaya \u00e7\u0131kmakta olup su kirlenmesine ili\u015fkin ald\u0131\u011f\u0131 \u00f6nlemler ile \u201cSIFIR ATIK\u201d\u00e7evre dostu \u00fcretim belgesine sahiptir.<br \/>\n<strong><a href=\"https:\/\/eftagrup.com.tr\/wp-content\/uploads\/2020\/07\/BELGE-18-Tekirdag\u0306-C\u0327orlu-C\u0327evre-ve-S\u0327ehircilik-I\u0307l-Mu\u0308du\u0308rlu\u0308g\u0306u\u0308-0-At\u0131k-C\u0327evre-Belgesi.jpg\">BELGE-18 Tekirda\u011f-\u00c7orlu \u00c7evre ve \u015eehircilik \u0130l M\u00fcd\u00fcrl\u00fc\u011f\u00fc 0 At\u0131k \u00c7evre Belgesi<\/a><\/strong><\/p>\n<p>U\u015fak-E\u015fme\u2019deki EFTA Petrol ta\u015f\u0131nma ve da\u011f\u0131t\u0131m hizmetleri, \u00e7evre sa\u011fl\u0131\u011f\u0131 kurallar\u0131na uygun olarak yap\u0131lmaktad\u0131r.<br \/>\n<strong>BELGE-19 EFTA Petrol U\u015fak-E\u015fme CED Raporu<\/strong>[\/vc_column_text][\/vc_column][\/vc_row]<\/p>\n","protected":false},"excerpt":{"rendered":"<p>[vc_row wrap_container=&#8221;yes&#8221; is_section=&#8221;yes&#8221; section_skin=&#8221;parallax&#8221; remove_margin_top=&#8221;yes&#8221; remove_border=&#8221;yes&#8221; el_id=&#8221;whoweare&#8221;][vc_column el_class=&#8221;mb-5 mb-lg-0&#8243;][vc_custom_heading text=&#8221;- Kaya Tuzu \u00fcretiminde son teknolojileri kullanarak ve kaliteden \u00f6d\u00fcn vermeden hizmet veririz. Bu kapsamda \u00e7evre boyutu etkilerimizi analiz ederek, olu\u015fabilecek zararl\u0131 etkileri en aza indirir, \u00e7evreye sayg\u0131l\u0131 bir kurulu\u015f olarak hizmet veririz.&#8221; font_container=&#8221;tag:p|font_size:16%2C9|text_align:left|line_height:1%2C9&#8243; use_theme_fonts=&#8221;yes&#8221; css=&#8221;.vc_custom_1599816052045{margin-bottom: 20px !important;}&#8221;][vc_custom_heading text=&#8221;- Faaliyetimiz esnas\u0131nda do\u011fal kaynaklar\u0131 ve enerjiyi en [&hellip;]<\/p>\n","protected":false},"author":1,"featured_media":0,"parent":0,"menu_order":0,"comment_status":"closed","ping_status":"closed","template":"","meta":{"footnotes":""},"class_list":["post-2672","page","type-page","status-publish","hentry"],"aioseo_notices":[],"_links":{"self":[{"href":"https:\/\/eftagrup.com.tr\/index.php\/wp-json\/wp\/v2\/pages\/2672","targetHints":{"allow":["GET"]}}],"collection":[{"href":"https:\/\/eftagrup.com.tr\/index.php\/wp-json\/wp\/v2\/pages"}],"about":[{"href":"https:\/\/eftagrup.com.tr\/index.php\/wp-json\/wp\/v2\/types\/page"}],"author":[{"embeddable":true,"href":"https:\/\/eftagrup.com.tr\/index.php\/wp-json\/wp\/v2\/users\/1"}],"replies":[{"embeddable":true,"href":"https:\/\/eftagrup.com.tr\/index.php\/wp-json\/wp\/v2\/comments?post=2672"}],"version-history":[{"count":5,"href":"https:\/\/eftagrup.com.tr\/index.php\/wp-json\/wp\/v2\/pages\/2672\/revisions"}],"predecessor-version":[{"id":2856,"href":"https:\/\/eftagrup.com.tr\/index.php\/wp-json\/wp\/v2\/pages\/2672\/revisions\/2856"}],"wp:attachment":[{"href":"https:\/\/eftagrup.com.tr\/index.php\/wp-json\/wp\/v2\/media?parent=2672"}],"curies":[{"name":"wp","href":"https:\/\/api.w.org\/{rel}","templated":true}]}}