{"id":2670,"date":"2020-05-21T23:55:16","date_gmt":"2020-05-21T23:55:16","guid":{"rendered":"http:\/\/eftagrup.com.tr\/?page_id=2670"},"modified":"2020-09-11T09:18:30","modified_gmt":"2020-09-11T09:18:30","slug":"is-sagligi-guvenligi","status":"publish","type":"page","link":"https:\/\/eftagrup.com.tr\/index.php\/is-sagligi-guvenligi\/","title":{"rendered":"\u0130\u015f Sa\u011fl\u0131\u011f\u0131 G\u00fcvenli\u011fi"},"content":{"rendered":"<div class=\"wpb-content-wrapper\"><p>[vc_row wrap_container=&#8221;yes&#8221; is_section=&#8221;yes&#8221; section_skin=&#8221;parallax&#8221; remove_margin_top=&#8221;yes&#8221; remove_border=&#8221;yes&#8221; el_id=&#8221;whoweare&#8221;][vc_column el_class=&#8221;mb-5 mb-lg-0&#8243;][vc_custom_heading text=&#8221;EFTA Grup \u00e7al\u0131\u015fan ve payda\u015flar\u0131n\u0131n sa\u011fl\u0131kl\u0131 ve g\u00fcven i\u00e7inde olabilmesi i\u00e7in t\u00fcm i\u015ftiraklerindeki \u00e7al\u0131\u015fma alanlar\u0131nda i\u015f sa\u011fl\u0131\u011f\u0131 ve g\u00fcvenli\u011fine ili\u015fkin tedbirleri alm\u0131\u015ft\u0131r. Bu kapsamda, OHSAS 18001 \u201c\u0130\u015f sa\u011fl\u0131\u011f\u0131 ve G\u00fcvenli\u011fi Y\u00f6netim Sistemi\u201d kapsam\u0131nda sertifikaland\u0131r\u0131lm\u0131\u015ft\u0131r. Kurdu\u011fu i\u015f sa\u011fl\u0131\u011f\u0131 koordinasyon birimleri ile \u00e7al\u0131\u015fma ortamlar\u0131n\u0131 rutin olarak g\u00f6zden ge\u00e7irmekte, iyile\u015ftirme ve iyi uygulama \u00f6rneklerini yayg\u0131nla\u015ft\u0131rma \u00e7al\u0131\u015fmalar\u0131n\u0131 y\u00fcr\u00fctmektedir. \u0130\u015f kazalar\u0131na ili\u015fkin \u00f6nlemlerini ilgili mevzuatlara uygun olarak almakta ve yap\u0131lan rutin kontrollerden ba\u015far\u0131 ile ge\u00e7mektedir.&#8221; font_container=&#8221;tag:p|font_size:16.8|text_align:left|line_height:1.9&#8243; use_theme_fonts=&#8221;yes&#8221; animation_delay=&#8221;500&#8243; css=&#8221;.vc_custom_1594295993395{margin-bottom: 40px !important;}&#8221; el_class=&#8221;pr-5&#8243;][vc_custom_heading text=&#8221;\u0130\u015e SA\u011eLI\u011eI VE G\u00dcVENL\u0130\u011e\u0130 POL\u0130T\u0130KASI&#8221; font_container=&#8221;tag:h3|text_align:left|line_height:1.9&#8243; use_theme_fonts=&#8221;yes&#8221; animation_delay=&#8221;500&#8243; css=&#8221;.vc_custom_1599815873294{margin-bottom: 40px !important;}&#8221; el_class=&#8221;pr-5&#8243;][vc_custom_heading text=&#8221;- Faaliyetimizin her a\u015famas\u0131nda ba\u015fta \u00e7al\u0131\u015fanlar\u0131 korumak, i\u015fletme ve \u00fcretim g\u00fcvenli\u011fini sa\u011flamak i\u00e7in gerekli kontrol \u00f6nlemlerimizi al\u0131r\u0131z.  Bu \u00f6nlemlerin etkinli\u011fini s\u00fcrekli izler, gerekli noktalarda ek \u00f6nlemler alarak fabrikam\u0131z\u0131 \u00e7al\u0131\u015fanlar\u0131m\u0131z ve t\u00fcm payda\u015flar\u0131m\u0131z i\u00e7in   g\u00fcvenli ve sa\u011fl\u0131kl\u0131 bir alan olmas\u0131n\u0131 sa\u011flar\u0131z.&#8221; font_container=&#8221;tag:p|font_size:16.8|text_align:left|line_height:1.9&#8243; use_theme_fonts=&#8221;yes&#8221; animation_delay=&#8221;500&#8243; css=&#8221;.vc_custom_1599815883135{margin-bottom: 20px !important;}&#8221; el_class=&#8221;pr-5&#8243;][vc_custom_heading text=&#8221;- D\u00fczenli olarak yapt\u0131\u011f\u0131m\u0131z risk de\u011ferlendirmeleri \u00e7al\u0131\u015fmalar\u0131  ve \u00e7al\u0131\u015fanlar\u0131m\u0131zdan\/tedarik\u00e7ilerimiz ve payda\u015flar\u0131m\u0131zdan  gelen bildirimler ile tehlikelerimizi \u00f6nceden tespit ederiz. Tehlikeleri azaltmak i\u00e7in gereken faaliyetlerde bulunarak risklerimizi azaltarak g\u00fcvenli bir \u00e7al\u0131\u015fma ortam\u0131 yarat\u0131r\u0131z.&#8221; font_container=&#8221;tag:p|font_size:16.8|text_align:left|line_height:1.9&#8243; use_theme_fonts=&#8221;yes&#8221; animation_delay=&#8221;500&#8243; css=&#8221;.vc_custom_1599815879175{margin-bottom: 20px !important;}&#8221; el_class=&#8221;pr-5&#8243;][vc_custom_heading text=&#8221;- \u0130\u015f Sa\u011fl\u0131\u011f\u0131 ve g\u00fcvenli\u011fi s\u00fcre\u00e7lerinde \u00e7al\u0131\u015fanlar\u0131m\u0131z\u0131n ve \u00e7al\u0131\u015fan temsilcilerimizin g\u00f6r\u00fc\u015flerini al\u0131r ve yap\u0131lacak faaliyetlerde aktif olarak kat\u0131l\u0131mlar\u0131n\u0131 sa\u011flar\u0131z.&#8221; font_container=&#8221;tag:p|font_size:16.8|text_align:left|line_height:1.9&#8243; use_theme_fonts=&#8221;yes&#8221; animation_delay=&#8221;500&#8243; css=&#8221;.vc_custom_1599815887153{margin-bottom: 20px !important;}&#8221; el_class=&#8221;pr-5&#8243;][vc_custom_heading text=&#8221;- Ulusal ve uluslararas\u0131  standartlarla,  birincil ve ikincil yasal mevzuata tam uyum sa\u011flayarak faaliyetlerimize devam ederiz.&#8221; font_container=&#8221;tag:p|font_size:16.8|text_align:left|line_height:1.9&#8243; use_theme_fonts=&#8221;yes&#8221; animation_delay=&#8221;500&#8243; css=&#8221;.vc_custom_1599815891938{margin-bottom: 20px !important;}&#8221; el_class=&#8221;pr-5&#8243;][vc_custom_heading text=&#8221;- S\u00fcrd\u00fcr\u00fclebilir \u0130SG y\u00f6netim sistemi olu\u015fturmak ve performans\u0131n\u0131 s\u00fcrekli iyile\u015ftirmek i\u00e7in metotlar geli\u015ftirir, hedefler ve y\u00f6netim programlar\u0131 olu\u015ftururuz,&#8221; font_container=&#8221;tag:p|font_size:16.8|text_align:left|line_height:1.9&#8243; use_theme_fonts=&#8221;yes&#8221; animation_delay=&#8221;500&#8243; css=&#8221;.vc_custom_1599815902919{margin-bottom: 20px !important;}&#8221; el_class=&#8221;pr-5&#8243;][vc_custom_heading text=&#8221;- S\u00fcre\u00e7lerimizi hedeflerle izler, geli\u015ftirilmesi gereken alanlar\u0131m\u0131z\u0131 tespit ederiz. Gerek \u00e7al\u0131\u015fanlar\u0131m\u0131zdan, gerekse tedarik\u00e7ilerimiz ve ileti\u015fim i\u00e7inde oldu\u011fumuz di\u011fer payda\u015flardan gelen \u00f6neri, talep ve \u015fikayetleri de\u011ferlendirir , i\u015f sa\u011fl\u0131\u011f\u0131 ve g\u00fcvenli\u011fi y\u00f6netim sisteminin  s\u00fcrekli iyile\u015ftirilmesi i\u00e7in gerekli d\u00fczenlemeleri yapar\u0131z.&#8221; font_container=&#8221;tag:p|font_size:16.8|text_align:left|line_height:1.9&#8243; use_theme_fonts=&#8221;yes&#8221; animation_delay=&#8221;500&#8243; css=&#8221;.vc_custom_1599815908491{margin-bottom: 20px !important;}&#8221; el_class=&#8221;pr-5&#8243;][\/vc_column][\/vc_row]<\/p>\n<\/div>","protected":false},"excerpt":{"rendered":"<p>[vc_row wrap_container=&#8221;yes&#8221; is_section=&#8221;yes&#8221; section_skin=&#8221;parallax&#8221; remove_margin_top=&#8221;yes&#8221; remove_border=&#8221;yes&#8221; el_id=&#8221;whoweare&#8221;][vc_column el_class=&#8221;mb-5 mb-lg-0&#8243;][vc_custom_heading text=&#8221;EFTA Grup \u00e7al\u0131\u015fan ve payda\u015flar\u0131n\u0131n sa\u011fl\u0131kl\u0131 ve g\u00fcven i\u00e7inde olabilmesi i\u00e7in t\u00fcm i\u015ftiraklerindeki \u00e7al\u0131\u015fma alanlar\u0131nda i\u015f sa\u011fl\u0131\u011f\u0131 ve g\u00fcvenli\u011fine ili\u015fkin tedbirleri alm\u0131\u015ft\u0131r. Bu kapsamda, OHSAS 18001 \u201c\u0130\u015f sa\u011fl\u0131\u011f\u0131 ve G\u00fcvenli\u011fi Y\u00f6netim Sistemi\u201d kapsam\u0131nda sertifikaland\u0131r\u0131lm\u0131\u015ft\u0131r. Kurdu\u011fu i\u015f sa\u011fl\u0131\u011f\u0131 koordinasyon birimleri ile \u00e7al\u0131\u015fma ortamlar\u0131n\u0131 rutin olarak g\u00f6zden ge\u00e7irmekte, [&hellip;]<\/p>\n","protected":false},"author":1,"featured_media":0,"parent":0,"menu_order":0,"comment_status":"closed","ping_status":"closed","template":"","meta":{"_acf_changed":false,"footnotes":""},"class_list":["post-2670","page","type-page","status-publish","hentry"],"acf":[],"aioseo_notices":[],"_links":{"self":[{"href":"https:\/\/eftagrup.com.tr\/index.php\/wp-json\/wp\/v2\/pages\/2670","targetHints":{"allow":["GET"]}}],"collection":[{"href":"https:\/\/eftagrup.com.tr\/index.php\/wp-json\/wp\/v2\/pages"}],"about":[{"href":"https:\/\/eftagrup.com.tr\/index.php\/wp-json\/wp\/v2\/types\/page"}],"author":[{"embeddable":true,"href":"https:\/\/eftagrup.com.tr\/index.php\/wp-json\/wp\/v2\/users\/1"}],"replies":[{"embeddable":true,"href":"https:\/\/eftagrup.com.tr\/index.php\/wp-json\/wp\/v2\/comments?post=2670"}],"version-history":[{"count":5,"href":"https:\/\/eftagrup.com.tr\/index.php\/wp-json\/wp\/v2\/pages\/2670\/revisions"}],"predecessor-version":[{"id":2851,"href":"https:\/\/eftagrup.com.tr\/index.php\/wp-json\/wp\/v2\/pages\/2670\/revisions\/2851"}],"wp:attachment":[{"href":"https:\/\/eftagrup.com.tr\/index.php\/wp-json\/wp\/v2\/media?parent=2670"}],"curies":[{"name":"wp","href":"https:\/\/api.w.org\/{rel}","templated":true}]}}