{"id":2665,"date":"2020-05-21T23:54:09","date_gmt":"2020-05-21T23:54:09","guid":{"rendered":"http:\/\/eftagrup.com.tr\/?page_id=2665"},"modified":"2020-07-09T11:59:20","modified_gmt":"2020-07-09T11:59:20","slug":"is-etigi","status":"publish","type":"page","link":"https:\/\/eftagrup.com.tr\/index.php\/is-etigi\/","title":{"rendered":"\u0130\u015f Eti\u011fi"},"content":{"rendered":"<p>[vc_row wrap_container=&#8221;yes&#8221; is_section=&#8221;yes&#8221; section_skin=&#8221;parallax&#8221; remove_margin_top=&#8221;yes&#8221; remove_border=&#8221;yes&#8221; el_id=&#8221;whoweare&#8221;][vc_column el_class=&#8221;mb-5 mb-lg-0&#8243;][vc_custom_heading text=&#8221;EFTA Grup\u2019un i\u015f eti\u011fi; de\u011ferlerine ba\u011fl\u0131l\u0131\u011f\u0131, hesap verilebilirli\u011fi, \u015feffaf ve adil y\u00f6netim anlay\u0131\u015f\u0131n\u0131 i\u00e7ermektedir.<\/p>\n<p>\u0130\u015fyeri \u00e7al\u0131\u015fma atmosferi ve \u015fartlar\u0131 t\u00fcm \u00e7al\u0131\u015fanlar i\u00e7in sa\u011fl\u0131kl\u0131 ve g\u00fcvenli olmas\u0131 sa\u011flanmaktad\u0131r.<\/p>\n<p>Ulusal ve uluslararas\u0131 mevzuat ve d\u00fczenlemelere tam uyumu, evrensel ilkelerini desteklemeyi, kurumsal vatanda\u015fl\u0131\u011f\u0131n\u0131n temel anlay\u0131\u015f\u0131 olarak benimsemektedir\u2026<\/p>\n<p>EFTA Grup taraf\u0131ndan haz\u0131rlanan kurumsal etik ilkeleri, g\u00fcvenli ve huzurlu \u00e7al\u0131\u015fma ortam\u0131 sa\u011flamak ad\u0131na hem \u00e7al\u0131\u015fanlar\u0131n\u0131 hem de payda\u015flar\u0131n\u0131 kapsayacak \u015fekilde d\u00fczenlenmi\u015ftir.<br \/>\n&#8221; font_container=&#8221;tag:p|font_size:16.8|text_align:left|line_height:1.9&#8243; use_theme_fonts=&#8221;yes&#8221; animation_delay=&#8221;500&#8243; css=&#8221;.vc_custom_1594295958363{margin-bottom: 40px !important;}&#8221; el_class=&#8221;pr-5&#8243;][\/vc_column][\/vc_row]<\/p>\n","protected":false},"excerpt":{"rendered":"<p>[vc_row wrap_container=&#8221;yes&#8221; is_section=&#8221;yes&#8221; section_skin=&#8221;parallax&#8221; remove_margin_top=&#8221;yes&#8221; remove_border=&#8221;yes&#8221; el_id=&#8221;whoweare&#8221;][vc_column el_class=&#8221;mb-5 mb-lg-0&#8243;][vc_custom_heading text=&#8221;EFTA Grup\u2019un i\u015f eti\u011fi; de\u011ferlerine ba\u011fl\u0131l\u0131\u011f\u0131, hesap verilebilirli\u011fi, \u015feffaf ve adil y\u00f6netim anlay\u0131\u015f\u0131n\u0131 i\u00e7ermektedir. \u0130\u015fyeri \u00e7al\u0131\u015fma atmosferi ve \u015fartlar\u0131 t\u00fcm \u00e7al\u0131\u015fanlar i\u00e7in sa\u011fl\u0131kl\u0131 ve g\u00fcvenli olmas\u0131 sa\u011flanmaktad\u0131r. Ulusal ve uluslararas\u0131 mevzuat ve d\u00fczenlemelere tam uyumu, evrensel ilkelerini desteklemeyi, kurumsal vatanda\u015fl\u0131\u011f\u0131n\u0131n temel anlay\u0131\u015f\u0131 olarak benimsemektedir\u2026 EFTA Grup [&hellip;]<\/p>\n","protected":false},"author":1,"featured_media":0,"parent":0,"menu_order":0,"comment_status":"closed","ping_status":"closed","template":"","meta":{"footnotes":""},"class_list":["post-2665","page","type-page","status-publish","hentry"],"aioseo_notices":[],"_links":{"self":[{"href":"https:\/\/eftagrup.com.tr\/index.php\/wp-json\/wp\/v2\/pages\/2665","targetHints":{"allow":["GET"]}}],"collection":[{"href":"https:\/\/eftagrup.com.tr\/index.php\/wp-json\/wp\/v2\/pages"}],"about":[{"href":"https:\/\/eftagrup.com.tr\/index.php\/wp-json\/wp\/v2\/types\/page"}],"author":[{"embeddable":true,"href":"https:\/\/eftagrup.com.tr\/index.php\/wp-json\/wp\/v2\/users\/1"}],"replies":[{"embeddable":true,"href":"https:\/\/eftagrup.com.tr\/index.php\/wp-json\/wp\/v2\/comments?post=2665"}],"version-history":[{"count":4,"href":"https:\/\/eftagrup.com.tr\/index.php\/wp-json\/wp\/v2\/pages\/2665\/revisions"}],"predecessor-version":[{"id":2751,"href":"https:\/\/eftagrup.com.tr\/index.php\/wp-json\/wp\/v2\/pages\/2665\/revisions\/2751"}],"wp:attachment":[{"href":"https:\/\/eftagrup.com.tr\/index.php\/wp-json\/wp\/v2\/media?parent=2665"}],"curies":[{"name":"wp","href":"https:\/\/api.w.org\/{rel}","templated":true}]}}