{"id":2652,"date":"2020-05-21T23:29:03","date_gmt":"2020-05-21T23:29:03","guid":{"rendered":"http:\/\/eftagrup.com.tr\/?page_id=2652"},"modified":"2020-05-21T23:29:03","modified_gmt":"2020-05-21T23:29:03","slug":"kisisel-verilerin-korunmasi","status":"publish","type":"page","link":"https:\/\/eftagrup.com.tr\/index.php\/kisisel-verilerin-korunmasi\/","title":{"rendered":"Ki\u015fisel Verilerin Korunmas\u0131"},"content":{"rendered":"<p>[vc_row disable_element=&#8221;yes&#8221; wrap_container=&#8221;yes&#8221; is_section=&#8221;yes&#8221; section_skin=&#8221;parallax&#8221; remove_margin_top=&#8221;yes&#8221; remove_border=&#8221;yes&#8221; el_id=&#8221;whoweare&#8221;][vc_column el_class=&#8221;mb-5 mb-lg-0&#8243; offset=&#8221;vc_col-md-8&#8243;][vc_custom_heading text=&#8221;EFTA Ailesi hedef ve ilkelerinden yola \u00e7\u0131karak, d\u00fcr\u00fcstl\u00fck, tak\u0131m \u00e7al\u0131\u015fmas\u0131na uyum, g\u00fc\u00e7l\u00fc ve duyarl\u0131 ileti\u015fim, birlikte farkl\u0131l\u0131klar\u0131 g\u00f6ze alarak i\u015fbirli\u011fi geli\u015ftirme, sonu\u00e7 odakl\u0131l\u0131k yetkinlikleri olan i\u015f arkada\u015flar\u0131yla birlikte birbirini geli\u015ftirecek yakla\u015f\u0131mla \u00e7al\u0131\u015fmaktad\u0131r.&#8221; font_container=&#8221;tag:p|font_size:16.8|text_align:left|line_height:1.9&#8243; use_theme_fonts=&#8221;yes&#8221; animation_delay=&#8221;500&#8243; css=&#8221;.vc_custom_1590101884756{margin-bottom: 40px !important;}&#8221; el_class=&#8221;pr-5&#8243;][vc_custom_heading text=&#8221;EFTA Petrol Sorumlusu; Tar\u0131k Demirel<br \/>\nEFTA Maden Sorumlusu; S. Soner \u00d6zler<br \/>\nEFTA Tuz Sorumlusu; Mehmet \u00c7akmak<br \/>\nEFTA A\u015e. Muhasebe; G\u00fcl\u015fah Zeybek, Elif Nur Demiralp<br \/>\nve 120 \u00e7al\u0131\u015fan\u0131 m\u00fc\u015fterilerine duyarl\u0131 ve onlar\u0131n ihtiya\u00e7lar\u0131na y\u00f6nelik yenilik\u00e7i yakla\u015f\u0131mlar geli\u015ftiren anlay\u0131\u015f\u0131 benimsemektedir.&#8221; font_container=&#8221;tag:p|font_size:16.8|text_align:left|line_height:1.9&#8243; use_theme_fonts=&#8221;yes&#8221; animation_delay=&#8221;500&#8243; css=&#8221;.vc_custom_1590101906706{margin-bottom: 40px !important;}&#8221; el_class=&#8221;pr-5&#8243;][\/vc_column][vc_column offset=&#8221;vc_col-md-4 vc_col-xs-4&#8243;][vc_single_image image=&#8221;2646&#8243; img_size=&#8221;full&#8221; alignment=&#8221;center&#8221; animation_delay=&#8221;100&#8243; el_class=&#8221;mb-0&#8243; animation_type=&#8221;fadeInRight&#8221;][\/vc_column][\/vc_row]<\/p>\n","protected":false},"excerpt":{"rendered":"<p>[vc_row disable_element=&#8221;yes&#8221; wrap_container=&#8221;yes&#8221; is_section=&#8221;yes&#8221; section_skin=&#8221;parallax&#8221; remove_margin_top=&#8221;yes&#8221; remove_border=&#8221;yes&#8221; el_id=&#8221;whoweare&#8221;][vc_column el_class=&#8221;mb-5 mb-lg-0&#8243; offset=&#8221;vc_col-md-8&#8243;][vc_custom_heading text=&#8221;EFTA Ailesi hedef ve ilkelerinden yola \u00e7\u0131karak, d\u00fcr\u00fcstl\u00fck, tak\u0131m \u00e7al\u0131\u015fmas\u0131na uyum, g\u00fc\u00e7l\u00fc ve duyarl\u0131 ileti\u015fim, birlikte farkl\u0131l\u0131klar\u0131 g\u00f6ze alarak i\u015fbirli\u011fi geli\u015ftirme, sonu\u00e7 odakl\u0131l\u0131k yetkinlikleri olan i\u015f arkada\u015flar\u0131yla birlikte birbirini geli\u015ftirecek yakla\u015f\u0131mla \u00e7al\u0131\u015fmaktad\u0131r.&#8221; font_container=&#8221;tag:p|font_size:16.8|text_align:left|line_height:1.9&#8243; use_theme_fonts=&#8221;yes&#8221; animation_delay=&#8221;500&#8243; css=&#8221;.vc_custom_1590101884756{margin-bottom: 40px !important;}&#8221; el_class=&#8221;pr-5&#8243;][vc_custom_heading text=&#8221;EFTA Petrol Sorumlusu; Tar\u0131k Demirel [&hellip;]<\/p>\n","protected":false},"author":1,"featured_media":0,"parent":0,"menu_order":0,"comment_status":"closed","ping_status":"closed","template":"","meta":{"footnotes":""},"class_list":["post-2652","page","type-page","status-publish","hentry"],"aioseo_notices":[],"_links":{"self":[{"href":"https:\/\/eftagrup.com.tr\/index.php\/wp-json\/wp\/v2\/pages\/2652","targetHints":{"allow":["GET"]}}],"collection":[{"href":"https:\/\/eftagrup.com.tr\/index.php\/wp-json\/wp\/v2\/pages"}],"about":[{"href":"https:\/\/eftagrup.com.tr\/index.php\/wp-json\/wp\/v2\/types\/page"}],"author":[{"embeddable":true,"href":"https:\/\/eftagrup.com.tr\/index.php\/wp-json\/wp\/v2\/users\/1"}],"replies":[{"embeddable":true,"href":"https:\/\/eftagrup.com.tr\/index.php\/wp-json\/wp\/v2\/comments?post=2652"}],"version-history":[{"count":1,"href":"https:\/\/eftagrup.com.tr\/index.php\/wp-json\/wp\/v2\/pages\/2652\/revisions"}],"predecessor-version":[{"id":2653,"href":"https:\/\/eftagrup.com.tr\/index.php\/wp-json\/wp\/v2\/pages\/2652\/revisions\/2653"}],"wp:attachment":[{"href":"https:\/\/eftagrup.com.tr\/index.php\/wp-json\/wp\/v2\/media?parent=2652"}],"curies":[{"name":"wp","href":"https:\/\/api.w.org\/{rel}","templated":true}]}}