{"id":2639,"date":"2020-05-21T22:57:26","date_gmt":"2020-05-21T22:57:26","guid":{"rendered":"http:\/\/eftagrup.com.tr\/?page_id=2639"},"modified":"2020-07-09T11:51:04","modified_gmt":"2020-07-09T11:51:04","slug":"insan-kaynaklari","status":"publish","type":"page","link":"https:\/\/eftagrup.com.tr\/index.php\/insan-kaynaklari\/","title":{"rendered":"\u0130nsan Kaynaklar\u0131"},"content":{"rendered":"<p>[vc_row wrap_container=&#8221;yes&#8221; is_section=&#8221;yes&#8221; section_skin=&#8221;parallax&#8221; remove_margin_top=&#8221;yes&#8221; remove_border=&#8221;yes&#8221; el_id=&#8221;whoweare&#8221;][vc_column el_class=&#8221;mb-5 mb-lg-0&#8243; offset=&#8221;vc_col-md-8&#8243;][vc_custom_heading text=&#8221;EFTA Ailesi, d\u00fcr\u00fcstl\u00fck ve itibar\u0131 \u00f6nemseyen, bir arada farkl\u0131l\u0131klar\u0131 kabul ederek i\u015fbirli\u011fi geli\u015ftirmektedir. EFTA Ailesinin kurum k\u00fclt\u00fcr\u00fc, tak\u0131m \u00e7al\u0131\u015fmas\u0131na uyum, g\u00fc\u00e7l\u00fc ve duyarl\u0131 ileti\u015fim ve sonu\u00e7 odakl\u0131l\u0131kt\u0131r. 85 \u00e7al\u0131\u015fan\u0131 ile birlikte m\u00fc\u015fterilerine duyarl\u0131 ve yenilik\u00e7i yakla\u015f\u0131mlar geli\u015ftiren bir anlay\u0131\u015f ile \u00e7al\u0131\u015fmaktad\u0131r.&#8221; font_container=&#8221;tag:p|font_size:16.8|text_align:left|line_height:1.9&#8243; use_theme_fonts=&#8221;yes&#8221; animation_delay=&#8221;500&#8243; css=&#8221;.vc_custom_1594295461685{margin-bottom: 40px !important;}&#8221; el_class=&#8221;pr-5&#8243;][\/vc_column][vc_column offset=&#8221;vc_col-md-4 vc_col-xs-4&#8243;][vc_single_image image=&#8221;2646&#8243; img_size=&#8221;full&#8221; alignment=&#8221;center&#8221; animation_delay=&#8221;100&#8243; el_class=&#8221;mb-0&#8243; animation_type=&#8221;fadeInRight&#8221;][\/vc_column][\/vc_row]<\/p>\n","protected":false},"excerpt":{"rendered":"<p>[vc_row wrap_container=&#8221;yes&#8221; is_section=&#8221;yes&#8221; section_skin=&#8221;parallax&#8221; remove_margin_top=&#8221;yes&#8221; remove_border=&#8221;yes&#8221; el_id=&#8221;whoweare&#8221;][vc_column el_class=&#8221;mb-5 mb-lg-0&#8243; offset=&#8221;vc_col-md-8&#8243;][vc_custom_heading text=&#8221;EFTA Ailesi, d\u00fcr\u00fcstl\u00fck ve itibar\u0131 \u00f6nemseyen, bir arada farkl\u0131l\u0131klar\u0131 kabul ederek i\u015fbirli\u011fi geli\u015ftirmektedir. EFTA Ailesinin kurum k\u00fclt\u00fcr\u00fc, tak\u0131m \u00e7al\u0131\u015fmas\u0131na uyum, g\u00fc\u00e7l\u00fc ve duyarl\u0131 ileti\u015fim ve sonu\u00e7 odakl\u0131l\u0131kt\u0131r. 85 \u00e7al\u0131\u015fan\u0131 ile birlikte m\u00fc\u015fterilerine duyarl\u0131 ve yenilik\u00e7i yakla\u015f\u0131mlar geli\u015ftiren bir anlay\u0131\u015f ile \u00e7al\u0131\u015fmaktad\u0131r.&#8221; font_container=&#8221;tag:p|font_size:16.8|text_align:left|line_height:1.9&#8243; use_theme_fonts=&#8221;yes&#8221; animation_delay=&#8221;500&#8243; css=&#8221;.vc_custom_1594295461685{margin-bottom: [&hellip;]<\/p>\n","protected":false},"author":1,"featured_media":0,"parent":0,"menu_order":0,"comment_status":"closed","ping_status":"closed","template":"","meta":{"footnotes":""},"class_list":["post-2639","page","type-page","status-publish","hentry"],"aioseo_notices":[],"_links":{"self":[{"href":"https:\/\/eftagrup.com.tr\/index.php\/wp-json\/wp\/v2\/pages\/2639","targetHints":{"allow":["GET"]}}],"collection":[{"href":"https:\/\/eftagrup.com.tr\/index.php\/wp-json\/wp\/v2\/pages"}],"about":[{"href":"https:\/\/eftagrup.com.tr\/index.php\/wp-json\/wp\/v2\/types\/page"}],"author":[{"embeddable":true,"href":"https:\/\/eftagrup.com.tr\/index.php\/wp-json\/wp\/v2\/users\/1"}],"replies":[{"embeddable":true,"href":"https:\/\/eftagrup.com.tr\/index.php\/wp-json\/wp\/v2\/comments?post=2639"}],"version-history":[{"count":5,"href":"https:\/\/eftagrup.com.tr\/index.php\/wp-json\/wp\/v2\/pages\/2639\/revisions"}],"predecessor-version":[{"id":2732,"href":"https:\/\/eftagrup.com.tr\/index.php\/wp-json\/wp\/v2\/pages\/2639\/revisions\/2732"}],"wp:attachment":[{"href":"https:\/\/eftagrup.com.tr\/index.php\/wp-json\/wp\/v2\/media?parent=2639"}],"curies":[{"name":"wp","href":"https:\/\/api.w.org\/{rel}","templated":true}]}}