{"id":26,"date":"2019-05-17T21:58:58","date_gmt":"2019-05-17T21:58:58","guid":{"rendered":"http:\/\/sw-themes.com\/porto_dummy\/?page_id=26"},"modified":"2020-07-09T11:50:33","modified_gmt":"2020-07-09T11:50:33","slug":"kurumsal","status":"publish","type":"page","link":"https:\/\/eftagrup.com.tr\/index.php\/kurumsal\/","title":{"rendered":"Kurumsal"},"content":{"rendered":"<p>[vc_row wrap_container=&#8221;yes&#8221; is_section=&#8221;yes&#8221; section_skin=&#8221;parallax&#8221; remove_margin_top=&#8221;yes&#8221; remove_border=&#8221;yes&#8221; el_id=&#8221;whoweare&#8221;][vc_column el_class=&#8221;mb-5 mb-lg-0&#8243; offset=&#8221;vc_col-md-8&#8243;][vc_custom_heading text=&#8221;Hakk\u0131m\u0131zda&#8221; font_container=&#8221;tag:h2|font_size:42|text_align:left|line_height:1.3&#8243; use_theme_fonts=&#8221;yes&#8221; font_weight=&#8221;900&#8243; animation_delay=&#8221;250&#8243; el_class=&#8221;mb-3 ls-negative-1&#8243;][vc_custom_heading text=&#8221;Temelleri 2002 y\u0131l\u0131 Aral\u0131k ay\u0131nda at\u0131lan EFTA Grup, ilk g\u00fcn\u00fcn heyecan\u0131 ile \u00dcLKEM\u0130ZDE YERL\u0130 VE M\u0130LL\u0130 H\u0130ZMET ANLAYI\u015eIYLA hizmet vermektedir. Uluslararas\u0131 kalite standartlar\u0131 \u00e7er\u00e7evesinde \u00fcretim yaparak \u2018KAL\u0130TEL\u0130 H\u0130ZMET VE KAL\u0130TEL\u0130 \u00dcR\u00dcN\u2019 anlay\u0131\u015f\u0131 ile yoluna devam etmektedir.<\/p>\n<p>Tuz madeni i\u015fletmesi \u00dcLKEM\u0130ZE SAYGILI, D\u00dcNYADA SAYGIN \u00fcretim hedefi ile do\u011fal kristal kaya tuzu \u00fcr\u00fcn\u00fc GIDA sekt\u00f6r\u00fcnde yer alm\u0131\u015ft\u0131r.<\/p>\n<p>\u2018\u00c7ORBADA B\u0130Z\u0130MDE TUZUMUZ OLSUN\u2019 slogan\u0131 ile yola \u00e7\u0131kan EFTA Grup yenili\u011fe ve b\u00fcy\u00fcmeye h\u0131zl\u0131 bir \u015fekilde devam etmektedir.&#8221; font_container=&#8221;tag:p|font_size:16.8|text_align:left|line_height:1.9&#8243; use_theme_fonts=&#8221;yes&#8221; animation_delay=&#8221;500&#8243; css=&#8221;.vc_custom_1594226453205{margin-bottom: 40px !important;}&#8221; el_class=&#8221;pr-5&#8243;][\/vc_column][vc_column offset=&#8221;vc_col-md-4 vc_col-xs-4&#8243; css=&#8221;.vc_custom_1590100486680{padding-top: 100px !important;}&#8221;][vc_single_image image=&#8221;2488&#8243; img_size=&#8221;432&#215;115&#8243; alignment=&#8221;center&#8221; animation_delay=&#8221;100&#8243; el_class=&#8221;mb-0&#8243; animation_type=&#8221;fadeInRight&#8221;][\/vc_column][\/vc_row][vc_row wrap_container=&#8221;yes&#8221; css=&#8221;.vc_custom_1590100144958{padding-top: 70px !important;background-color: #efefef !important;}&#8221;][vc_column][vc_row_inner el_class=&#8221;justify-content-center&#8221;][vc_column_inner offset=&#8221;vc_col-lg-6 vc_col-md-9&#8243;][vc_custom_heading text=&#8221;Kurucumuz&#8221; font_container=&#8221;tag:p|text_align:center&#8221; use_theme_fonts=&#8221;yes&#8221; text_transform=&#8221;text-uppercase&#8221; font_weight=&#8221;600&#8243; skin=&#8221;primary&#8221; el_class=&#8221;mb-0&#8243; animation_type=&#8221;fadeInUp&#8221;][vc_custom_heading text=&#8221;Hasan \u00d6zg\u00f6bek&#8221; font_container=&#8221;tag:h2|font_size:30.8|text_align:center|line_height:42px&#8221; use_theme_fonts=&#8221;yes&#8221; font_weight=&#8221;700&#8243; animation_delay=&#8221;250&#8243; animation_type=&#8221;fadeInUp&#8221; css=&#8221;.vc_custom_1590100123267{margin-bottom: 25px !important;}&#8221;][vc_custom_heading text=&#8221;\u201cpara kaybedebilirsiniz ama itibar\u0131n\u0131z\u0131 kaybetmeyin\u2026 gen\u00e7ler en az bir yabanc\u0131 dil bilin, \u00e7ok \u00e7al\u0131\u015f\u0131n, d\u00fcnya insan\u0131 olun\u2026\u201d her s\u00f6z\u00fcn\u00fcn ba\u015f\u0131d\u0131r.&#8221; font_container=&#8221;tag:p|font_size:16.8|text_align:center|color:%23212529|line_height:1.9&#8243; use_theme_fonts=&#8221;yes&#8221; font_weight=&#8221;300&#8243; animation_delay=&#8221;500&#8243; animation_type=&#8221;fadeInUp&#8221; css=&#8221;.vc_custom_1590100167178{margin-bottom: 30px !important;}&#8221;][\/vc_column_inner][\/vc_row_inner][\/vc_column][\/vc_row][vc_row wrap_container=&#8221;yes&#8221; is_section=&#8221;yes&#8221; section_skin=&#8221;parallax&#8221; remove_margin_top=&#8221;yes&#8221; remove_border=&#8221;yes&#8221; css=&#8221;.vc_custom_1590100744134{padding-top: 30px !important;background-color: #efefef !important;}&#8221;][vc_column width=&#8221;1\/2&#8243; offset=&#8221;vc_col-md-2 vc_col-xs-6&#8243;][vc_single_image image=&#8221;2621&#8243; img_size=&#8221;full&#8221; animation_delay=&#8221;100&#8243; el_class=&#8221;mb-0&#8243; animation_type=&#8221;fadeInRight&#8221;][\/vc_column][vc_column offset=&#8221;vc_col-md-2 vc_col-xs-6&#8243;][vc_single_image image=&#8221;2504&#8243; img_size=&#8221;full&#8221; animation_delay=&#8221;500&#8243; el_class=&#8221;mb-0&#8243; animation_type=&#8221;fadeInLeft&#8221;][\/vc_column][vc_column width=&#8221;1\/2&#8243; el_class=&#8221;mb-5 mb-lg-0&#8243; offset=&#8221;vc_col-md-8&#8243; css=&#8221;.vc_custom_1590100709824{margin-top: 0px !important;}&#8221;][vc_column_text]<\/p>\n<ul>\n<li>1964 y\u0131l\u0131nda U\u015fak\u2019ta do\u011fdu.<br \/>\n\u0130lk ve ortaokulu e\u011fitimini U\u015fak\u2019ta, sonras\u0131nda lise e\u011fitimini Atat\u00fcrk Lisesi\u2019ni yat\u0131l\u0131 olarak \u0130zmirde tamamlad\u0131.<\/li>\n<li>1985 y\u0131l\u0131nda Sel\u00e7uk \u00fcniversitesi \u0130n\u015faat M\u00fchendisli\u011fi Fak\u00fcltesinden mezun oldu.<\/li>\n<li>Askerlik g\u00f6revinden sonra 1989 y\u0131l\u0131nda G\u00dcRHAN in\u015faat Sirketini kurdu, m\u00fctahitlik yapt\u0131.<\/li>\n<li>1998 y\u0131l\u0131nda 36 ya\u015f\u0131nda Ecevit\u2019in daveti ile U\u015fak milletvekili se\u00e7ildi. Meclisin en gen\u00e7 milletvekillerinden biri olarak Plan B\u00fct\u00e7e Ve D\u0131\u015f \u0130li\u015fkiler Komisyonlar\u0131nda \u00e7al\u0131\u015ft\u0131. Ayr\u0131ca \u201cMadencilik Ara\u015ft\u0131ma Komisyonu\u201dnda g\u00f6rev ald\u0131.<\/li>\n<li>2002 y\u0131l\u0131nda EFTA \u015firketini kurarak farkl\u0131 sekt\u00f6rlerde \u00e7al\u0131\u015fmalara \u00f6nc\u00fcl\u00fck ederek bug\u00fcnk\u00fc haline getirdi.<\/li>\n<\/ul>\n<p>[\/vc_column_text][\/vc_column][\/vc_row][vc_row wrap_container=&#8221;yes&#8221; css=&#8221;.vc_custom_1590099904864{padding-top: 70px !important;}&#8221;][vc_column][vc_row_inner el_class=&#8221;justify-content-center&#8221;][vc_column_inner offset=&#8221;vc_col-lg-6 vc_col-md-9&#8243;][vc_custom_heading text=&#8221;Ge\u00e7mi\u015ften Bug\u00fcne&#8221; font_container=&#8221;tag:p|text_align:center&#8221; use_theme_fonts=&#8221;yes&#8221; text_transform=&#8221;text-uppercase&#8221; font_weight=&#8221;600&#8243; skin=&#8221;primary&#8221; el_class=&#8221;mb-0&#8243; animation_type=&#8221;fadeInUp&#8221;][vc_custom_heading text=&#8221;Tarih\u00e7e&#8221; font_container=&#8221;tag:h2|font_size:30.8|text_align:center|line_height:42px&#8221; use_theme_fonts=&#8221;yes&#8221; font_weight=&#8221;700&#8243; animation_delay=&#8221;250&#8243; animation_type=&#8221;fadeInUp&#8221; css=&#8221;.vc_custom_1590099402110{margin-bottom: 25px !important;}&#8221;][vc_custom_heading text=&#8221;&#8221; font_container=&#8221;tag:p|font_size:16.8|text_align:center|color:%23212529|line_height:1.9&#8243; use_theme_fonts=&#8221;yes&#8221; font_weight=&#8221;300&#8243; animation_delay=&#8221;500&#8243; animation_type=&#8221;fadeInUp&#8221; css=&#8221;.vc_custom_1590099433924{margin-bottom: 30px !important;}&#8221;][\/vc_column_inner][\/vc_row_inner][\/vc_column][\/vc_row][vc_row full_width=&#8221;stretch_row_content&#8221; wrap_container=&#8221;yes&#8221; css=&#8221;.vc_custom_1590099912321{padding-bottom: 50px !important;}&#8221; el_class=&#8221;order-history&#8221;][vc_column width=&#8221;1\/2&#8243;][vc_single_image image=&#8221;2598&#8243; img_size=&#8221;full&#8221;][\/vc_column][vc_column width=&#8221;1\/2&#8243; css=&#8221;.vc_custom_1518510041939{padding-top: 20px !important;}&#8221;][vc_tour position=&#8221;vertical-right&#8221; color=&#8221;#979797&#8243;][vc_tab title=&#8221;2019&#8243; tab_id=&#8221;1590099692763-6-5&#8243;][porto_ultimate_heading main_heading=&#8221;2019&#8243; main_heading_font_weight=&#8221;500&#8243; main_heading_color=&#8221;#21293c&#8221; sub_heading_font_weight=&#8221;&#8221; sub_heading_color=&#8221;#7a7d82&#8243; alignment=&#8221;left&#8221; main_heading_font_family=&#8221;Oswald&#8221; main_heading_font_size=&#8221;30&#8243; main_heading_line_height=&#8221;48&#8243; sub_heading_font_size=&#8221;15&#8243; sub_heading_line_height=&#8221;27&#8243;]2019 Y\u0131l\u0131 Eyl\u00fcl Ay\u0131nda <strong><em>EFTA Tuz<\/em><\/strong> i\u015ftiraki hem \u00fclkemizde hem de d\u00fcnyada g\u0131da t\u00fcketiminde kullan\u0131lmak \u00fczere kaya tuzu \u00fcretim planlamas\u0131 yaparak \u00e7al\u0131\u015fmalar\u0131na ba\u015flad\u0131. 2020 y\u0131l\u0131 May\u0131s Ay\u0131nda ise \u00a0\u201cDO\u011eAL KR\u0130STAL KAYA TUZU\u201d sofralarda yer almas\u0131 i\u00e7in haz\u0131rl\u0131klar\u0131n\u0131 tamamlad\u0131.[\/porto_ultimate_heading][\/vc_tab][vc_tab title=&#8221;2017&#8243; tab_id=&#8221;456f0d2d-ace3-1&#8243;][porto_ultimate_heading main_heading=&#8221;2016&#8243; main_heading_font_weight=&#8221;500&#8243; main_heading_color=&#8221;#21293c&#8221; sub_heading_font_weight=&#8221;&#8221; sub_heading_color=&#8221;#7a7d82&#8243; alignment=&#8221;left&#8221; main_heading_font_family=&#8221;Oswald&#8221; main_heading_font_size=&#8221;30&#8243; main_heading_line_height=&#8221;48&#8243; sub_heading_font_size=&#8221;15&#8243; sub_heading_line_height=&#8221;27&#8243;]2017 y\u0131l\u0131 Mart Ay\u0131nda <strong><em>EFTA Tuz<\/em><\/strong> ortakl\u0131\u011f\u0131 ile \u00c7orlu\u2019da s\u0131v\u0131 tuz tesisleri a\u00e7\u0131ld\u0131. Modern yap\u0131s\u0131 ve ayl\u0131k 50 bin bin ton kapasiteli s\u0131v\u0131 tuz \u00fcretme tesisleri Velime\u015fe Organize Sanayi B\u00f6lgesinde yer almaktad\u0131r. Tesis, tan\u0131nm\u0131\u015f tekstil markalar\u0131n\u0131n kuma\u015f boyamada kullan\u0131lan s\u0131v\u0131 tuz tedarikini kar\u015f\u0131lamaktad\u0131r.[\/porto_ultimate_heading][\/vc_tab][vc_tab title=&#8221;2015&#8243; tab_id=&#8221;bd2b1fa8-26c7-0&#8243;][porto_ultimate_heading main_heading=&#8221;2015&#8243; main_heading_font_weight=&#8221;500&#8243; main_heading_color=&#8221;#21293c&#8221; sub_heading_font_weight=&#8221;&#8221; sub_heading_color=&#8221;#7a7d82&#8243; alignment=&#8221;left&#8221; main_heading_font_family=&#8221;Oswald&#8221; main_heading_font_size=&#8221;30&#8243; main_heading_line_height=&#8221;48&#8243; sub_heading_font_size=&#8221;15&#8243; sub_heading_line_height=&#8221;27&#8243;]2015 y\u0131l\u0131 A\u011fustos Ay\u0131nda <strong><em>EFTA Maden<\/em><\/strong> ortakl\u0131\u011f\u0131,kaya tuzu maden sahas\u0131nda i\u015fletme ruhsat\u0131 alarak yer alt\u0131 oca\u011f\u0131n\u0131 a\u00e7t\u0131. 2008 y\u0131l\u0131nda ba\u015flayan ve yedi y\u0131l s\u00fcren fizibilite \u00e7al\u0131\u015fmalar\u0131ndan sonra maden \u00e7\u0131kar\u0131lmas\u0131 ve i\u015flenmesine ait yat\u0131r\u0131m s\u00fcreci ba\u015flat\u0131ld\u0131. Halen K\u0131r\u0131kkale\/Delice-Tatl\u0131cak Mevki\u2019ndeki tuz ocaklar\u0131ndan kaya tuzu \u00e7\u0131kar\u0131lmaktad\u0131r. Bu kapsamda g\u0131da sanayisi, kimya sanayi, karla m\u00fccadele yol tuzu ve hayvanc\u0131l\u0131k sekt\u00f6r\u00fcnde kullan\u0131lmak \u00fczere kaya tuzunun \u00fcretimi kullan\u0131lmak \u00fczere y\u0131ll\u0131k 300 Bin ton \u00fcretim yap\u0131lmaktad\u0131r.[\/porto_ultimate_heading][\/vc_tab][vc_tab title=&#8221;2010&#8243; tab_id=&#8221;1518509369388-2-9&#8243;][porto_ultimate_heading main_heading=&#8221;2010&#8243; main_heading_font_weight=&#8221;500&#8243; main_heading_color=&#8221;#21293c&#8221; sub_heading_font_weight=&#8221;&#8221; sub_heading_color=&#8221;#7a7d82&#8243; alignment=&#8221;left&#8221; main_heading_font_family=&#8221;Oswald&#8221; main_heading_font_size=&#8221;30&#8243; main_heading_line_height=&#8221;48&#8243; sub_heading_font_size=&#8221;15&#8243; sub_heading_line_height=&#8221;27&#8243;]2010 y\u0131l\u0131 Ekim Ay\u0131nda,<strong><em> Grup\u2019un EFTA Maden<\/em><\/strong> i\u015ftiraki, kaya tuzu madencili\u011fi alan\u0131nda \u00e7al\u0131\u015fmalara ba\u015flad\u0131.<\/p>\n<p>K\u0131r\u0131kkale\/Delice-Tatl\u0131cak Mevki\u2019nde bir birine biti\u015fik be\u015f ayr\u0131 maden sahas\u0131 i\u00e7in arama ruhsat\u0131 alan firmam\u0131z,maden sahalar\u0131n\u0131n birinde milyarlarca tonluk rezerv tespit etti. Di\u011fer d\u00f6rt sahada da tuz varl\u0131\u011f\u0131 tespit edilmi\u015f olup detayl\u0131 arama ve rezerv tespit \u00e7al\u0131\u015fmalar\u0131 devam etmektedir.[\/porto_ultimate_heading][\/vc_tab][vc_tab title=&#8221;2008&#8243; tab_id=&#8221;1518509370606-3-9&#8243;][porto_ultimate_heading main_heading=&#8221;2008&#8243; main_heading_font_weight=&#8221;500&#8243; main_heading_color=&#8221;#21293c&#8221; sub_heading_font_weight=&#8221;&#8221; sub_heading_color=&#8221;#7a7d82&#8243; alignment=&#8221;left&#8221; main_heading_font_family=&#8221;Oswald&#8221; main_heading_font_size=&#8221;30&#8243; main_heading_line_height=&#8221;48&#8243; sub_heading_font_size=&#8221;15&#8243; sub_heading_line_height=&#8221;27&#8243;]2008 y\u0131l\u0131nda Temmuz Ay\u0131nda, <strong><em>EFTA A\u015e.<\/em><\/strong> geni\u015fleyerek; akaryak\u0131t, maden, g\u0131da sekt\u00f6rlerinde kurdu\u011fu i\u015ftirakler ile <strong><em>EFTA Grup<\/em><\/strong> aile \u015firketine d\u00f6n\u00fc\u015ft\u00fc. <strong><em>EFTA Petrol<\/em><\/strong> i\u015ftiraki ile \u00fclkemizde maden, mermer ocaklar\u0131na, b\u00fcy\u00fck in\u015faat \u015fantiyeleri ve nakliye firmalar\u0131na akaryak\u0131t ve madeni ya\u011f ihtiya\u00e7lar\u0131n\u0131n kar\u015f\u0131lanmas\u0131nda olanak sa\u011flamaktad\u0131r. OPET i\u00e7erisinde de verdi\u011fi \u00dcst\u00fcn hizmet ile sayg\u0131n bir bayi olarak olarak devam etmektedir.[\/porto_ultimate_heading][\/vc_tab][vc_tab title=&#8221;2002&#8243; tab_id=&#8221;1590099532246-4-6&#8243;][porto_ultimate_heading main_heading=&#8221;2002&#8243; main_heading_font_weight=&#8221;500&#8243; main_heading_color=&#8221;#21293c&#8221; sub_heading_font_weight=&#8221;&#8221; sub_heading_color=&#8221;#7a7d82&#8243; alignment=&#8221;left&#8221; main_heading_font_family=&#8221;Oswald&#8221; main_heading_font_size=&#8221;30&#8243; main_heading_line_height=&#8221;48&#8243; sub_heading_font_size=&#8221;15&#8243; sub_heading_line_height=&#8221;27&#8243;]2002 y\u0131l\u0131 Aral\u0131k Ay\u0131nda, <strong><em>EFTA A\u015e.<\/em><\/strong> Ankara\u2019da kuruldu ve sekt\u00f6r\u00fcnde lider akaryak\u0131t da\u011f\u0131t\u0131m firmas\u0131 olan Opet Petrolc\u00fcl\u00fck ve Opet\u00a0 Fuchs Madeni Ya\u011f\u2019\u0131n akaryak\u0131t ve madeni ya\u011f distrib\u00fct\u00f6r oldu.[\/porto_ultimate_heading][\/vc_tab][vc_tab title=&#8221;1987&#8243; tab_id=&#8221;1590099539768-5-8&#8243;][porto_ultimate_heading main_heading=&#8221;1987&#8243; main_heading_font_weight=&#8221;500&#8243; main_heading_color=&#8221;#21293c&#8221; sub_heading_font_weight=&#8221;&#8221; sub_heading_color=&#8221;#7a7d82&#8243; alignment=&#8221;left&#8221; main_heading_font_family=&#8221;Oswald&#8221; main_heading_font_size=&#8221;30&#8243; main_heading_line_height=&#8221;48&#8243; sub_heading_font_size=&#8221;15&#8243; sub_heading_line_height=&#8221;27&#8243;]1987 y\u0131l\u0131 Mart Ay\u0131nda, G\u00fcrhan \u0130n\u015faat Firmas\u0131 \u00a0in\u015faat sekt\u00f6r\u00fcnde faaliyet g\u00f6stermeye ba\u015flad\u0131. Firma,1999 y\u0131l\u0131na kadar aile \u015firketi olarak, in\u015faat ve m\u00fcteahhitlik hizmetine U\u015fak\u2019ta devam etti[\/porto_ultimate_heading][\/vc_tab][\/vc_tour][\/vc_column][\/vc_row][vc_row wrap_container=&#8221;yes&#8221; css=&#8221;.vc_custom_1590101222054{border-top-width: 1px !important;padding-top: 70px !important;padding-bottom: 70px !important;border-top-color: #efefef !important;border-top-style: solid !important;}&#8221;][vc_column][vc_row_inner el_class=&#8221;justify-content-center&#8221;][vc_column_inner offset=&#8221;vc_col-lg-6 vc_col-md-9&#8243;][vc_custom_heading text=&#8221;Misyon &amp; Vizyon&#8221; font_container=&#8221;tag:p|text_align:center&#8221; use_theme_fonts=&#8221;yes&#8221; text_transform=&#8221;text-uppercase&#8221; font_weight=&#8221;600&#8243; skin=&#8221;primary&#8221; el_class=&#8221;mb-0&#8243; animation_type=&#8221;fadeInUp&#8221;][vc_custom_heading text=&#8221;Hedeflerimiz ve \u0130lkelerimiz&#8221; font_container=&#8221;tag:h2|font_size:30.8|text_align:center|line_height:42px&#8221; use_theme_fonts=&#8221;yes&#8221; font_weight=&#8221;700&#8243; animation_delay=&#8221;250&#8243; animation_type=&#8221;fadeInUp&#8221; css=&#8221;.vc_custom_1590101068780{margin-bottom: 25px !important;}&#8221;][\/vc_column_inner][\/vc_row_inner][vc_custom_heading text=&#8221;EFTA Grup\u2019un hedefi; Hem \u00fclkesinde hem de d\u00fcnyada itibarl\u0131 markas\u0131 ile insan sa\u011fl\u0131\u011f\u0131na ve \u00fclke ekonomisine katk\u0131 vermek hedefindedir. EFTA Ailesi, bu hedef do\u011frultusunda hi\u00e7 durmadan y\u00fcr\u00fcme ilkesini benimsemektedir.&#8221; font_container=&#8221;tag:p|font_size:16.8|text_align:center|color:%23212529|line_height:1.9&#8243; use_theme_fonts=&#8221;yes&#8221; font_weight=&#8221;300&#8243; animation_delay=&#8221;500&#8243; animation_type=&#8221;fadeInUp&#8221; css=&#8221;.vc_custom_1594295430040{margin-bottom: 30px !important;}&#8221;][\/vc_column][\/vc_row][vc_row disable_element=&#8221;yes&#8221; wrap_container=&#8221;yes&#8221; is_section=&#8221;yes&#8221; remove_margin_top=&#8221;yes&#8221; remove_border=&#8221;yes&#8221; el_id=&#8221;ourteam&#8221;][vc_column][vc_row_inner el_class=&#8221;justify-content-center&#8221;][vc_column_inner offset=&#8221;vc_col-lg-6 vc_col-md-9&#8243;][vc_custom_heading text=&#8221;Efta Grup&#8221; font_container=&#8221;tag:p|text_align:center&#8221; use_theme_fonts=&#8221;yes&#8221; text_transform=&#8221;text-uppercase&#8221; font_weight=&#8221;600&#8243; skin=&#8221;primary&#8221; el_class=&#8221;mb-0&#8243; animation_type=&#8221;fadeInUp&#8221;][vc_custom_heading text=&#8221;Y\u00f6netim Kurulu&#8221; font_container=&#8221;tag:h2|font_size:30.8|text_align:center|line_height:42px&#8221; use_theme_fonts=&#8221;yes&#8221; font_weight=&#8221;700&#8243; animation_delay=&#8221;250&#8243; animation_type=&#8221;fadeInUp&#8221; css=&#8221;.vc_custom_1590101303849{margin-bottom: 25px !important;}&#8221;][vc_custom_heading text=&#8221;&#8221; font_container=&#8221;tag:p|font_size:16.8|text_align:center|color:%23212529|line_height:1.9&#8243; use_theme_fonts=&#8221;yes&#8221; font_weight=&#8221;300&#8243; animation_delay=&#8221;500&#8243; animation_type=&#8221;fadeInUp&#8221; css=&#8221;.vc_custom_1590101321836{margin-bottom: 30px !important;}&#8221;][\/vc_column_inner][\/vc_row_inner][porto_members columns=&#8221;3&#8243; view=&#8221;outimage&#8221; hover_image_effect=&#8221;no_zoom&#8221; overview=&#8221;&#8221; socials=&#8221;&#8221; number=&#8221;3&#8243; animation_delay=&#8221;400&#8243; el_class=&#8221;mb-0&#8243; animation_type=&#8221;fadeInUp&#8221;][\/vc_column][\/vc_row]<\/p>\n","protected":false},"excerpt":{"rendered":"<p>[vc_row wrap_container=&#8221;yes&#8221; is_section=&#8221;yes&#8221; section_skin=&#8221;parallax&#8221; remove_margin_top=&#8221;yes&#8221; remove_border=&#8221;yes&#8221; el_id=&#8221;whoweare&#8221;][vc_column el_class=&#8221;mb-5 mb-lg-0&#8243; offset=&#8221;vc_col-md-8&#8243;][vc_custom_heading text=&#8221;Hakk\u0131m\u0131zda&#8221; font_container=&#8221;tag:h2|font_size:42|text_align:left|line_height:1.3&#8243; use_theme_fonts=&#8221;yes&#8221; font_weight=&#8221;900&#8243; animation_delay=&#8221;250&#8243; el_class=&#8221;mb-3 ls-negative-1&#8243;][vc_custom_heading text=&#8221;Temelleri 2002 y\u0131l\u0131 Aral\u0131k ay\u0131nda at\u0131lan EFTA Grup, ilk g\u00fcn\u00fcn heyecan\u0131 ile \u00dcLKEM\u0130ZDE YERL\u0130 VE M\u0130LL\u0130 H\u0130ZMET ANLAYI\u015eIYLA hizmet vermektedir. Uluslararas\u0131 kalite standartlar\u0131 \u00e7er\u00e7evesinde \u00fcretim yaparak \u2018KAL\u0130TEL\u0130 H\u0130ZMET VE KAL\u0130TEL\u0130 \u00dcR\u00dcN\u2019 anlay\u0131\u015f\u0131 ile yoluna devam etmektedir. Tuz madeni [&hellip;]<\/p>\n","protected":false},"author":1,"featured_media":0,"parent":0,"menu_order":0,"comment_status":"closed","ping_status":"closed","template":"","meta":{"footnotes":""},"class_list":["post-26","page","type-page","status-publish","hentry"],"aioseo_notices":[],"_links":{"self":[{"href":"https:\/\/eftagrup.com.tr\/index.php\/wp-json\/wp\/v2\/pages\/26","targetHints":{"allow":["GET"]}}],"collection":[{"href":"https:\/\/eftagrup.com.tr\/index.php\/wp-json\/wp\/v2\/pages"}],"about":[{"href":"https:\/\/eftagrup.com.tr\/index.php\/wp-json\/wp\/v2\/types\/page"}],"author":[{"embeddable":true,"href":"https:\/\/eftagrup.com.tr\/index.php\/wp-json\/wp\/v2\/users\/1"}],"replies":[{"embeddable":true,"href":"https:\/\/eftagrup.com.tr\/index.php\/wp-json\/wp\/v2\/comments?post=26"}],"version-history":[{"count":5,"href":"https:\/\/eftagrup.com.tr\/index.php\/wp-json\/wp\/v2\/pages\/26\/revisions"}],"predecessor-version":[{"id":2731,"href":"https:\/\/eftagrup.com.tr\/index.php\/wp-json\/wp\/v2\/pages\/26\/revisions\/2731"}],"wp:attachment":[{"href":"https:\/\/eftagrup.com.tr\/index.php\/wp-json\/wp\/v2\/media?parent=26"}],"curies":[{"name":"wp","href":"https:\/\/api.w.org\/{rel}","templated":true}]}}