{"id":2552,"date":"2020-05-18T18:15:38","date_gmt":"2020-05-18T18:15:38","guid":{"rendered":"http:\/\/eftagrup.com.tr\/?page_id=2552"},"modified":"2020-06-22T16:42:01","modified_gmt":"2020-06-22T16:42:01","slug":"maps-2","status":"publish","type":"page","link":"https:\/\/eftagrup.com.tr\/index.php\/maps-2\/","title":{"rendered":"\u0130leti\u015fim"},"content":{"rendered":"<p>[vc_row full_width=&#8221;stretch_row_content_no_spaces&#8221; disable_element=&#8221;yes&#8221; no_padding=&#8221;yes&#8221; css=&#8221;.vc_custom_1592843649865{margin-top: -50px !important;padding-top: 0px !important;}&#8221;][vc_column][porto_google_map height=&#8221;400px&#8221; lat=&#8221;39.9109807&#8243; lng=&#8221;32.7659875&#8243; zoom=&#8221;16&#8243; scrollwheel=&#8221;disable&#8221; marker_icon=&#8221;custom&#8221; streetviewcontrol=&#8221;true&#8221; maptypecontrol=&#8221;true&#8221; zoomcontrol=&#8221;true&#8221; top_margin=&#8221;none&#8221; map_style=&#8221;JTVCJTdCJTIyZmVhdHVyZVR5cGUlMjIlM0ElMjJ3YXRlciUyMiUyQyUyMmVsZW1lbnRUeXBlJTIyJTNBJTIyZ2VvbWV0cnklMjIlMkMlMjJzdHlsZXJzJTIyJTNBJTVCJTdCJTIyY29sb3IlMjIlM0ElMjIlMjNlOWU5ZTklMjIlN0QlMkMlN0IlMjJsaWdodG5lc3MlMjIlM0ExNyU3RCU1RCU3RCUyQyU3QiUyMmZlYXR1cmVUeXBlJTIyJTNBJTIybGFuZHNjYXBlJTIyJTJDJTIyZWxlbWVudFR5cGUlMjIlM0ElMjJnZW9tZXRyeSUyMiUyQyUyMnN0eWxlcnMlMjIlM0ElNUIlN0IlMjJjb2xvciUyMiUzQSUyMiUyM2Y1ZjVmNSUyMiU3RCUyQyU3QiUyMmxpZ2h0bmVzcyUyMiUzQTIwJTdEJTVEJTdEJTJDJTdCJTIyZmVhdHVyZVR5cGUlMjIlM0ElMjJyb2FkLmhpZ2h3YXklMjIlMkMlMjJlbGVtZW50VHlwZSUyMiUzQSUyMmdlb21ldHJ5LmZpbGwlMjIlMkMlMjJzdHlsZXJzJTIyJTNBJTVCJTdCJTIyY29sb3IlMjIlM0ElMjIlMjNmZmZmZmYlMjIlN0QlMkMlN0IlMjJsaWdodG5lc3MlMjIlM0ExNyU3RCU1RCU3RCUyQyU3QiUyMmZlYXR1cmVUeXBlJTIyJTNBJTIycm9hZC5oaWdod2F5JTIyJTJDJTIyZWxlbWVudFR5cGUlMjIlM0ElMjJnZW9tZXRyeS5zdHJva2UlMjIlMkMlMjJzdHlsZXJzJTIyJTNBJTVCJTdCJTIyY29sb3IlMjIlM0ElMjIlMjNmZmZmZmYlMjIlN0QlMkMlN0IlMjJsaWdodG5lc3MlMjIlM0EyOSU3RCUyQyU3QiUyMndlaWdodCUyMiUzQTAuMiU3RCU1RCU3RCUyQyU3QiUyMmZlYXR1cmVUeXBlJTIyJTNBJTIycm9hZC5hcnRlcmlhbCUyMiUyQyUyMmVsZW1lbnRUeXBlJTIyJTNBJTIyZ2VvbWV0cnklMjIlMkMlMjJzdHlsZXJzJTIyJTNBJTVCJTdCJTIyY29sb3IlMjIlM0ElMjIlMjNmZmZmZmYlMjIlN0QlMkMlN0IlMjJsaWdodG5lc3MlMjIlM0ExOCU3RCU1RCU3RCUyQyU3QiUyMmZlYXR1cmVUeXBlJTIyJTNBJTIycm9hZC5sb2NhbCUyMiUyQyUyMmVsZW1lbnRUeXBlJTIyJTNBJTIyZ2VvbWV0cnklMjIlMkMlMjJzdHlsZXJzJTIyJTNBJTVCJTdCJTIyY29sb3IlMjIlM0ElMjIlMjNmZmZmZmYlMjIlN0QlMkMlN0IlMjJsaWdodG5lc3MlMjIlM0ExNiU3RCU1RCU3RCUyQyU3QiUyMmZlYXR1cmVUeXBlJTIyJTNBJTIycG9pJTIyJTJDJTIyZWxlbWVudFR5cGUlMjIlM0ElMjJnZW9tZXRyeSUyMiUyQyUyMnN0eWxlcnMlMjIlM0ElNUIlN0IlMjJjb2xvciUyMiUzQSUyMiUyM2Y1ZjVmNSUyMiU3RCUyQyU3QiUyMmxpZ2h0bmVzcyUyMiUzQTIxJTdEJTVEJTdEJTJDJTdCJTIyZmVhdHVyZVR5cGUlMjIlM0ElMjJwb2kucGFyayUyMiUyQyUyMmVsZW1lbnRUeXBlJTIyJTNBJTIyZ2VvbWV0cnklMjIlMkMlMjJzdHlsZXJzJTIyJTNBJTVCJTdCJTIyY29sb3IlMjIlM0ElMjIlMjNkZWRlZGUlMjIlN0QlMkMlN0IlMjJsaWdodG5lc3MlMjIlM0EyMSU3RCU1RCU3RCUyQyU3QiUyMmVsZW1lbnRUeXBlJTIyJTNBJTIybGFiZWxzLnRleHQuc3Ryb2tlJTIyJTJDJTIyc3R5bGVycyUyMiUzQSU1QiU3QiUyMnZpc2liaWxpdHklMjIlM0ElMjJvbiUyMiU3RCUyQyU3QiUyMmNvbG9yJTIyJTNBJTIyJTIzZmZmZmZmJTIyJTdEJTJDJTdCJTIybGlnaHRuZXNzJTIyJTNBMTYlN0QlNUQlN0QlMkMlN0IlMjJlbGVtZW50VHlwZSUyMiUzQSUyMmxhYmVscy50ZXh0LmZpbGwlMjIlMkMlMjJzdHlsZXJzJTIyJTNBJTVCJTdCJTIyc2F0dXJhdGlvbiUyMiUzQTM2JTdEJTJDJTdCJTIyY29sb3IlMjIlM0ElMjIlMjMzMzMzMzMlMjIlN0QlMkMlN0IlMjJsaWdodG5lc3MlMjIlM0E0MCU3RCU1RCU3RCUyQyU3QiUyMmVsZW1lbnRUeXBlJTIyJTNBJTIybGFiZWxzLmljb24lMjIlMkMlMjJzdHlsZXJzJTIyJTNBJTVCJTdCJTIydmlzaWJpbGl0eSUyMiUzQSUyMm9mZiUyMiU3RCU1RCU3RCUyQyU3QiUyMmZlYXR1cmVUeXBlJTIyJTNBJTIydHJhbnNpdCUyMiUyQyUyMmVsZW1lbnRUeXBlJTIyJTNBJTIyZ2VvbWV0cnklMjIlMkMlMjJzdHlsZXJzJTIyJTNBJTVCJTdCJTIyY29sb3IlMjIlM0ElMjIlMjNmMmYyZjIlMjIlN0QlMkMlN0IlMjJsaWdodG5lc3MlMjIlM0ExOSU3RCU1RCU3RCUyQyU3QiUyMmZlYXR1cmVUeXBlJTIyJTNBJTIyYWRtaW5pc3RyYXRpdmUlMjIlMkMlMjJlbGVtZW50VHlwZSUyMiUzQSUyMmdlb21ldHJ5LmZpbGwlMjIlMkMlMjJzdHlsZXJzJTIyJTNBJTVCJTdCJTIyY29sb3IlMjIlM0ElMjIlMjNmZWZlZmUlMjIlN0QlMkMlN0IlMjJsaWdodG5lc3MlMjIlM0EyMCU3RCU1RCU3RCUyQyU3QiUyMmZlYXR1cmVUeXBlJTIyJTNBJTIyYWRtaW5pc3RyYXRpdmUlMjIlMkMlMjJlbGVtZW50VHlwZSUyMiUzQSUyMmdlb21ldHJ5LnN0cm9rZSUyMiUyQyUyMnN0eWxlcnMlMjIlM0ElNUIlN0IlMjJjb2xvciUyMiUzQSUyMiUyM2ZlZmVmZSUyMiU3RCUyQyU3QiUyMmxpZ2h0bmVzcyUyMiUzQTE3JTdEJTJDJTdCJTIyd2VpZ2h0JTIyJTNBMS4yJTdEJTVEJTdEJTVE&#8221; icon_img=&#8221;2553&#8243; pancontrol=&#8221;true&#8221; el_class=&#8221;m-b-none&#8221;]<strong>New York Office<\/strong><\/p>\n<div>New York, NY 10017<\/div>\n<p>[\/porto_google_map][\/vc_column][\/vc_row][vc_row full_width=&#8221;stretch_row_content_no_spaces&#8221; no_padding=&#8221;yes&#8221; css=&#8221;.vc_custom_1589826679209{margin-top: -50px !important;padding-top: 0px !important;}&#8221;][vc_column][vc_column_text css=&#8221;.vc_custom_1592843695928{margin-bottom: 0px !important;border-bottom-width: 0px !important;padding-bottom: 0px !important;}&#8221;]<iframe loading=\"lazy\" style=\"border: 0;\" tabindex=\"0\" src=\"https:\/\/www.google.com\/maps\/embed?pb=!1m18!1m12!1m3!1d3060.359037917752!2d32.765987515825294!3d39.91098072942718!2m3!1f0!2f0!3f0!3m2!1i1024!2i768!4f13.1!3m3!1m2!1s0x14d3462a24d2bbb9%3A0x719be1f12d181431!2sEFTA%20PETROL%20A.%C5%9E!5e0!3m2!1str!2str!4v1592843641089!5m2!1str!2str\" width=\"100%\" height=\"450\" frameborder=\"0\" allowfullscreen=\"allowfullscreen\" aria-hidden=\"false\"><\/iframe>[\/vc_column_text][\/vc_column][\/vc_row][vc_row full_width=&#8221;stretch_row_content_no_spaces&#8221; wrap_container=&#8221;yes&#8221; is_section=&#8221;yes&#8221; remove_margin_top=&#8221;yes&#8221; remove_margin_bottom=&#8221;yes&#8221; remove_border=&#8221;yes&#8221; show_divider=&#8221;yes&#8221; divider_pos=&#8221;bottom&#8221; show_divider_icon=&#8221;yes&#8221; divider_icon_skin=&#8221;primary&#8221; divider_icon_style=&#8221;style-4&#8243; divider_icon=&#8221;fas fa-chevron-down&#8221; css=&#8221;.vc_custom_1592843904524{padding-top: 70px !important;padding-bottom: 40px !important;}&#8221; el_class=&#8221;no-overflow-hidden&#8221;][vc_column][vc_row_inner css=&#8221;.vc_custom_1589826235987{margin-top: 0px !important;padding-top: 0px !important;}&#8221;][vc_column_inner width=&#8221;2\/3&#8243; offset=&#8221;vc_col-sm-offset-2&#8243; css=&#8221;.vc_custom_1589827094972{margin-bottom: 30px !important;}&#8221;][porto_ultimate_heading main_heading=&#8221;\u0130leti\u015fim Bilgileri&#8221; main_heading_font_weight=&#8221;&#8221; main_heading_color=&#8221;#000000&#8243; heading_tag=&#8221;h1&#8243; sub_heading_font_weight=&#8221;&#8221; sub_heading_color=&#8221;rgba(0,0,0,0.7)&#8221; main_heading_font_size=&#8221;36&#8243; main_heading_margin_bottom=&#8221;15&#8243; sub_heading_font_size=&#8221;14&#8243;]A\u015fa\u011f\u0131da yer alan ileti\u015fim bilgilerinden bizlere ula\u015fabilirsiniz.[\/porto_ultimate_heading][\/vc_column_inner][\/vc_row_inner][\/vc_column][\/vc_row][vc_row full_width=&#8221;stretch_row_content_no_spaces&#8221; wrap_container=&#8221;yes&#8221; is_section=&#8221;yes&#8221; remove_margin_top=&#8221;yes&#8221; remove_margin_bottom=&#8221;yes&#8221; remove_border=&#8221;yes&#8221; css=&#8221;.vc_custom_1592843943458{padding-top: 70px !important;padding-bottom: 40px !important;background-color: #ffffff !important;}&#8221; el_class=&#8221;no-overflow-hidden&#8221;][vc_column][vc_row_inner][vc_column_inner width=&#8221;1\/6&#8243;][\/vc_column_inner][vc_column_inner width=&#8221;1\/6&#8243;][\/vc_column_inner][vc_column_inner width=&#8221;1\/3&#8243;][vc_custom_heading text=&#8221;Merkez Ofis&#8221; font_container=&#8221;tag:h4|text_align:center&#8221; use_theme_fonts=&#8221;yes&#8221; el_class=&#8221;m-t-md font-weight-semibold&#8221;][vc_column_text]<\/p>\n<ul class=\"list list-icons m-t-lg\">\n<li style=\"text-align: center;\"><i class=\"fas fa-map-marker-alt\"><\/i> <strong>Adres: <\/strong>Mustafa Kemal Mah. 2127.Sk. 2\/6 Ata Plaza S\u00f6gu\u0308t\u00f6zu\u0308, 06510 \u00c7ankaya\/Ankara<\/li>\n<li style=\"text-align: center;\"><i class=\"fa fa-phone\"><\/i> <strong>Telefon: <\/strong>0312 426 34 27<\/li>\n<li style=\"text-align: center;\"><i class=\"far fa-envelope\"><\/i> <strong>E-posta: <\/strong><a href=\"mailto:info@eftagrup.com.tr\">info@eftagrup.com.tr<\/a><\/li>\n<\/ul>\n<p>[\/vc_column_text][\/vc_column_inner][vc_column_inner width=&#8221;1\/6&#8243;][\/vc_column_inner][vc_column_inner width=&#8221;1\/6&#8243;][\/vc_column_inner][\/vc_row_inner][\/vc_column][\/vc_row][vc_row full_width=&#8221;stretch_row_content_no_spaces&#8221; wrap_container=&#8221;yes&#8221; is_section=&#8221;yes&#8221; remove_margin_top=&#8221;yes&#8221; remove_margin_bottom=&#8221;yes&#8221; remove_border=&#8221;yes&#8221; show_divider=&#8221;yes&#8221; divider_pos=&#8221;bottom&#8221; show_divider_icon=&#8221;yes&#8221; divider_icon_skin=&#8221;primary&#8221; divider_icon_style=&#8221;style-4&#8243; divider_icon=&#8221;fas fa-chevron-down&#8221; css=&#8221;.vc_custom_1592843910436{padding-top: 70px !important;padding-bottom: 40px !important;}&#8221; el_class=&#8221;no-overflow-hidden&#8221;][vc_column][porto_ultimate_heading main_heading=&#8221;Bize Mesaj G\u00f6nderin&#8221; main_heading_font_weight=&#8221;600&#8243; sub_heading_font_weight=&#8221;&#8221; sub_heading_color=&#8221;rgba(0,0,0,0.7)&#8221; spacer=&#8221;line_only&#8221; line_height=&#8221;3&#8243; line_color=&#8221;#30c57a&#8221; main_heading_font_size=&#8221;30&#8243; main_heading_line_height=&#8221;42&#8243; sub_heading_font_size=&#8221;14&#8243; line_width=&#8221;50&#8243; spacer_margin_bottom=&#8221;30&#8243; el_class=&#8221;mt-5&#8243;]A\u015fa\u011f\u0131da yer alan ileti\u015fim formunu doldurarak bize ula\u015fabilirsiniz[\/porto_ultimate_heading][\/vc_column][\/vc_row][vc_row wrap_container=&#8221;yes&#8221; is_section=&#8221;yes&#8221; section_skin=&#8221;parallax&#8221; remove_margin_top=&#8221;yes&#8221; remove_margin_bottom=&#8221;yes&#8221; remove_border=&#8221;yes&#8221;][vc_column section_skin=&#8221;parallax&#8221; offset=&#8221;vc_col-md-offset-1 vc_col-md-10&#8243;][vc_column_text]<div role=\"form\" class=\"wpcf7\" id=\"wpcf7-f2554-o1\" lang=\"en-US\" dir=\"ltr\">\n<div class=\"screen-reader-response\"><p role=\"status\" aria-live=\"polite\" aria-atomic=\"true\"><\/p> <ul><\/ul><\/div>\n<form action=\"\/index.php\/wp-json\/wp\/v2\/pages\/2552#wpcf7-f2554-o1\" method=\"post\" class=\"wpcf7-form init\" novalidate=\"novalidate\" data-status=\"init\">\n<div style=\"display: none;\">\n<input type=\"hidden\" name=\"_wpcf7\" value=\"2554\" \/>\n<input type=\"hidden\" name=\"_wpcf7_version\" value=\"5.6.4\" \/>\n<input type=\"hidden\" name=\"_wpcf7_locale\" value=\"en_US\" \/>\n<input type=\"hidden\" name=\"_wpcf7_unit_tag\" value=\"wpcf7-f2554-o1\" \/>\n<input type=\"hidden\" name=\"_wpcf7_container_post\" value=\"0\" \/>\n<input type=\"hidden\" name=\"_wpcf7_posted_data_hash\" value=\"\" \/>\n<\/div>\n<div class=\"row\">\n<div class=\"col-lg-6\">\n<div class=\"form-group\">\n            <span class=\"wpcf7-form-control-wrap\" data-name=\"your-name\"><input type=\"text\" name=\"your-name\" value=\"\" size=\"40\" class=\"wpcf7-form-control wpcf7-text wpcf7-validates-as-required form-control input-lg\" id=\"contact-name\" aria-required=\"true\" aria-invalid=\"false\" placeholder=\"Ad\u0131 ve Soyad\u0131\" \/><\/span>\n        <\/div>\n<div class=\"form-group\">\n            <span class=\"wpcf7-form-control-wrap\" data-name=\"your-email\"><input type=\"email\" name=\"your-email\" value=\"\" size=\"40\" class=\"wpcf7-form-control wpcf7-text wpcf7-email wpcf7-validates-as-required wpcf7-validates-as-email form-control input-lg\" id=\"contact-email\" aria-required=\"true\" aria-invalid=\"false\" placeholder=\"E-posta\" \/><\/span>\n        <\/div>\n<div class=\"form-group\">\n            <span class=\"wpcf7-form-control-wrap\" data-name=\"your-number\"><input type=\"text\" name=\"your-number\" value=\"\" size=\"40\" class=\"wpcf7-form-control wpcf7-text wpcf7-validates-as-required form-control input-lg\" id=\"contact-no\" aria-required=\"true\" aria-invalid=\"false\" placeholder=\"Telefon\" \/><\/span>\n        <\/div>\n<div class=\"form-group\">\n            <span class=\"wpcf7-form-control-wrap\" data-name=\"your-subject\"><input type=\"text\" name=\"your-subject\" value=\"\" size=\"40\" class=\"wpcf7-form-control wpcf7-text wpcf7-validates-as-required form-control input-lg\" id=\"contact-subject\" aria-required=\"true\" aria-invalid=\"false\" placeholder=\"Konu\" \/><\/span>\n        <\/div>\n<\/div>\n<div class=\"col-lg-6\">\n<div class=\"form-group\">\n            <span class=\"wpcf7-form-control-wrap\" data-name=\"your-message\"><textarea name=\"your-message\" cols=\"40\" rows=\"9\" class=\"wpcf7-form-control wpcf7-textarea wpcf7-validates-as-required form-control input-lg\" id=\"contact-message\" aria-required=\"true\" aria-invalid=\"false\" placeholder=\"Mesaj\"><\/textarea><\/span>\n        <\/div>\n<\/div>\n<div class=\"col-lg-12\" style=\"margin-top:40px\">\n<div class=\"form-group\">\n            <input type=\"submit\" value=\"G\u00f6nder\" class=\"wpcf7-form-control has-spinner wpcf7-submit btn btn-dark btn-borders btn-xl btn-modern font-size-sm\" \/>\n        <\/div>\n<\/div>\n<\/div>\n<div class=\"wpcf7-response-output\" aria-hidden=\"true\"><\/div><\/form><\/div>[\/vc_column_text][\/vc_column][\/vc_row]<\/p>\n","protected":false},"excerpt":{"rendered":"<p>[vc_row full_width=&#8221;stretch_row_content_no_spaces&#8221; disable_element=&#8221;yes&#8221; no_padding=&#8221;yes&#8221; css=&#8221;.vc_custom_1592843649865{margin-top: -50px !important;padding-top: 0px !important;}&#8221;][vc_column][porto_google_map height=&#8221;400px&#8221; lat=&#8221;39.9109807&#8243; lng=&#8221;32.7659875&#8243; zoom=&#8221;16&#8243; scrollwheel=&#8221;disable&#8221; marker_icon=&#8221;custom&#8221; streetviewcontrol=&#8221;true&#8221; maptypecontrol=&#8221;true&#8221; zoomcontrol=&#8221;true&#8221; top_margin=&#8221;none&#8221; map_style=&#8221;JTVCJTdCJTIyZmVhdHVyZVR5cGUlMjIlM0ElMjJ3YXRlciUyMiUyQyUyMmVsZW1lbnRUeXBlJTIyJTNBJTIyZ2VvbWV0cnklMjIlMkMlMjJzdHlsZXJzJTIyJTNBJTVCJTdCJTIyY29sb3IlMjIlM0ElMjIlMjNlOWU5ZTklMjIlN0QlMkMlN0IlMjJsaWdodG5lc3MlMjIlM0ExNyU3RCU1RCU3RCUyQyU3QiUyMmZlYXR1cmVUeXBlJTIyJTNBJTIybGFuZHNjYXBlJTIyJTJDJTIyZWxlbWVudFR5cGUlMjIlM0ElMjJnZW9tZXRyeSUyMiUyQyUyMnN0eWxlcnMlMjIlM0ElNUIlN0IlMjJjb2xvciUyMiUzQSUyMiUyM2Y1ZjVmNSUyMiU3RCUyQyU3QiUyMmxpZ2h0bmVzcyUyMiUzQTIwJTdEJTVEJTdEJTJDJTdCJTIyZmVhdHVyZVR5cGUlMjIlM0ElMjJyb2FkLmhpZ2h3YXklMjIlMkMlMjJlbGVtZW50VHlwZSUyMiUzQSUyMmdlb21ldHJ5LmZpbGwlMjIlMkMlMjJzdHlsZXJzJTIyJTNBJTVCJTdCJTIyY29sb3IlMjIlM0ElMjIlMjNmZmZmZmYlMjIlN0QlMkMlN0IlMjJsaWdodG5lc3MlMjIlM0ExNyU3RCU1RCU3RCUyQyU3QiUyMmZlYXR1cmVUeXBlJTIyJTNBJTIycm9hZC5oaWdod2F5JTIyJTJDJTIyZWxlbWVudFR5cGUlMjIlM0ElMjJnZW9tZXRyeS5zdHJva2UlMjIlMkMlMjJzdHlsZXJzJTIyJTNBJTVCJTdCJTIyY29sb3IlMjIlM0ElMjIlMjNmZmZmZmYlMjIlN0QlMkMlN0IlMjJsaWdodG5lc3MlMjIlM0EyOSU3RCUyQyU3QiUyMndlaWdodCUyMiUzQTAuMiU3RCU1RCU3RCUyQyU3QiUyMmZlYXR1cmVUeXBlJTIyJTNBJTIycm9hZC5hcnRlcmlhbCUyMiUyQyUyMmVsZW1lbnRUeXBlJTIyJTNBJTIyZ2VvbWV0cnklMjIlMkMlMjJzdHlsZXJzJTIyJTNBJTVCJTdCJTIyY29sb3IlMjIlM0ElMjIlMjNmZmZmZmYlMjIlN0QlMkMlN0IlMjJsaWdodG5lc3MlMjIlM0ExOCU3RCU1RCU3RCUyQyU3QiUyMmZlYXR1cmVUeXBlJTIyJTNBJTIycm9hZC5sb2NhbCUyMiUyQyUyMmVsZW1lbnRUeXBlJTIyJTNBJTIyZ2VvbWV0cnklMjIlMkMlMjJzdHlsZXJzJTIyJTNBJTVCJTdCJTIyY29sb3IlMjIlM0ElMjIlMjNmZmZmZmYlMjIlN0QlMkMlN0IlMjJsaWdodG5lc3MlMjIlM0ExNiU3RCU1RCU3RCUyQyU3QiUyMmZlYXR1cmVUeXBlJTIyJTNBJTIycG9pJTIyJTJDJTIyZWxlbWVudFR5cGUlMjIlM0ElMjJnZW9tZXRyeSUyMiUyQyUyMnN0eWxlcnMlMjIlM0ElNUIlN0IlMjJjb2xvciUyMiUzQSUyMiUyM2Y1ZjVmNSUyMiU3RCUyQyU3QiUyMmxpZ2h0bmVzcyUyMiUzQTIxJTdEJTVEJTdEJTJDJTdCJTIyZmVhdHVyZVR5cGUlMjIlM0ElMjJwb2kucGFyayUyMiUyQyUyMmVsZW1lbnRUeXBlJTIyJTNBJTIyZ2VvbWV0cnklMjIlMkMlMjJzdHlsZXJzJTIyJTNBJTVCJTdCJTIyY29sb3IlMjIlM0ElMjIlMjNkZWRlZGUlMjIlN0QlMkMlN0IlMjJsaWdodG5lc3MlMjIlM0EyMSU3RCU1RCU3RCUyQyU3QiUyMmVsZW1lbnRUeXBlJTIyJTNBJTIybGFiZWxzLnRleHQuc3Ryb2tlJTIyJTJDJTIyc3R5bGVycyUyMiUzQSU1QiU3QiUyMnZpc2liaWxpdHklMjIlM0ElMjJvbiUyMiU3RCUyQyU3QiUyMmNvbG9yJTIyJTNBJTIyJTIzZmZmZmZmJTIyJTdEJTJDJTdCJTIybGlnaHRuZXNzJTIyJTNBMTYlN0QlNUQlN0QlMkMlN0IlMjJlbGVtZW50VHlwZSUyMiUzQSUyMmxhYmVscy50ZXh0LmZpbGwlMjIlMkMlMjJzdHlsZXJzJTIyJTNBJTVCJTdCJTIyc2F0dXJhdGlvbiUyMiUzQTM2JTdEJTJDJTdCJTIyY29sb3IlMjIlM0ElMjIlMjMzMzMzMzMlMjIlN0QlMkMlN0IlMjJsaWdodG5lc3MlMjIlM0E0MCU3RCU1RCU3RCUyQyU3QiUyMmVsZW1lbnRUeXBlJTIyJTNBJTIybGFiZWxzLmljb24lMjIlMkMlMjJzdHlsZXJzJTIyJTNBJTVCJTdCJTIydmlzaWJpbGl0eSUyMiUzQSUyMm9mZiUyMiU3RCU1RCU3RCUyQyU3QiUyMmZlYXR1cmVUeXBlJTIyJTNBJTIydHJhbnNpdCUyMiUyQyUyMmVsZW1lbnRUeXBlJTIyJTNBJTIyZ2VvbWV0cnklMjIlMkMlMjJzdHlsZXJzJTIyJTNBJTVCJTdCJTIyY29sb3IlMjIlM0ElMjIlMjNmMmYyZjIlMjIlN0QlMkMlN0IlMjJsaWdodG5lc3MlMjIlM0ExOSU3RCU1RCU3RCUyQyU3QiUyMmZlYXR1cmVUeXBlJTIyJTNBJTIyYWRtaW5pc3RyYXRpdmUlMjIlMkMlMjJlbGVtZW50VHlwZSUyMiUzQSUyMmdlb21ldHJ5LmZpbGwlMjIlMkMlMjJzdHlsZXJzJTIyJTNBJTVCJTdCJTIyY29sb3IlMjIlM0ElMjIlMjNmZWZlZmUlMjIlN0QlMkMlN0IlMjJsaWdodG5lc3MlMjIlM0EyMCU3RCU1RCU3RCUyQyU3QiUyMmZlYXR1cmVUeXBlJTIyJTNBJTIyYWRtaW5pc3RyYXRpdmUlMjIlMkMlMjJlbGVtZW50VHlwZSUyMiUzQSUyMmdlb21ldHJ5LnN0cm9rZSUyMiUyQyUyMnN0eWxlcnMlMjIlM0ElNUIlN0IlMjJjb2xvciUyMiUzQSUyMiUyM2ZlZmVmZSUyMiU3RCUyQyU3QiUyMmxpZ2h0bmVzcyUyMiUzQTE3JTdEJTJDJTdCJTIyd2VpZ2h0JTIyJTNBMS4yJTdEJTVEJTdEJTVE&#8221; icon_img=&#8221;2553&#8243; pancontrol=&#8221;true&#8221; el_class=&#8221;m-b-none&#8221;]New York Office New York, NY 10017 [\/porto_google_map][\/vc_column][\/vc_row][vc_row full_width=&#8221;stretch_row_content_no_spaces&#8221; no_padding=&#8221;yes&#8221; css=&#8221;.vc_custom_1589826679209{margin-top: -50px !important;padding-top: 0px !important;}&#8221;][vc_column][vc_column_text css=&#8221;.vc_custom_1592843695928{margin-bottom: 0px !important;border-bottom-width: 0px !important;padding-bottom: 0px !important;}&#8221;][\/vc_column_text][\/vc_column][\/vc_row][vc_row full_width=&#8221;stretch_row_content_no_spaces&#8221; wrap_container=&#8221;yes&#8221; is_section=&#8221;yes&#8221; remove_margin_top=&#8221;yes&#8221; remove_margin_bottom=&#8221;yes&#8221; remove_border=&#8221;yes&#8221; show_divider=&#8221;yes&#8221; divider_pos=&#8221;bottom&#8221; show_divider_icon=&#8221;yes&#8221; divider_icon_skin=&#8221;primary&#8221; divider_icon_style=&#8221;style-4&#8243; [&hellip;]<\/p>\n","protected":false},"author":1,"featured_media":0,"parent":0,"menu_order":0,"comment_status":"closed","ping_status":"closed","template":"","meta":{"footnotes":""},"class_list":["post-2552","page","type-page","status-publish","hentry"],"aioseo_notices":[],"_links":{"self":[{"href":"https:\/\/eftagrup.com.tr\/index.php\/wp-json\/wp\/v2\/pages\/2552","targetHints":{"allow":["GET"]}}],"collection":[{"href":"https:\/\/eftagrup.com.tr\/index.php\/wp-json\/wp\/v2\/pages"}],"about":[{"href":"https:\/\/eftagrup.com.tr\/index.php\/wp-json\/wp\/v2\/types\/page"}],"author":[{"embeddable":true,"href":"https:\/\/eftagrup.com.tr\/index.php\/wp-json\/wp\/v2\/users\/1"}],"replies":[{"embeddable":true,"href":"https:\/\/eftagrup.com.tr\/index.php\/wp-json\/wp\/v2\/comments?post=2552"}],"version-history":[{"count":5,"href":"https:\/\/eftagrup.com.tr\/index.php\/wp-json\/wp\/v2\/pages\/2552\/revisions"}],"predecessor-version":[{"id":2705,"href":"https:\/\/eftagrup.com.tr\/index.php\/wp-json\/wp\/v2\/pages\/2552\/revisions\/2705"}],"wp:attachment":[{"href":"https:\/\/eftagrup.com.tr\/index.php\/wp-json\/wp\/v2\/media?parent=2552"}],"curies":[{"name":"wp","href":"https:\/\/api.w.org\/{rel}","templated":true}]}}